{"id":4448,"date":"2021-10-13T11:26:54","date_gmt":"2021-10-13T09:26:54","guid":{"rendered":"https:\/\/commercecon.pl\/?page_id=4448"},"modified":"2025-04-14T16:53:45","modified_gmt":"2025-04-14T14:53:45","slug":"join-us","status":"publish","type":"page","link":"https:\/\/commercecon.pl\/en\/join-us\/","title":{"rendered":"Careers"},"content":{"rendered":"\n<div class=\"text-image photo-text style-photos\">\n  <div class=\"text-image__image\">\n    <img loading=\"lazy\" decoding=\"async\" width=\"608\" height=\"648\" src=\"https:\/\/commercecon.pl\/wp-content\/uploads\/2021\/06\/kariera-Commercecon.jpg\" class=\"attachment-large size-large\" alt=\"\" srcset=\"https:\/\/commercecon.pl\/wp-content\/uploads\/2021\/06\/kariera-Commercecon.jpg 608w, https:\/\/commercecon.pl\/wp-content\/uploads\/2021\/06\/kariera-Commercecon-281x300.jpg 281w\" sizes=\"auto, (max-width: 608px) 100vw, 608px\" \/>  <\/div>\n  <div class=\"text-image__text\">\n    \n<div class=\"anchor\" id=\"benefits\"><\/div>\n\n\n\n<h2 class=\"wp-block-heading is-style-heading-medium\">Employee benefits:<\/h2>\n\n\n\n<style>\n    @media (max-width:1023px) {\n        .spacer-block_d78f44c65b83bb5f5877c16550667374 {\n            height: 10px;\n        }\n    }\n    @media (min-width:1024px) {\n        .spacer-block_d78f44c65b83bb5f5877c16550667374 {\n            height: 40px;\n        }\n    }\n<\/style>\n<div class=\"spacer spacer-block_d78f44c65b83bb5f5877c16550667374\"><\/div>\n\n\n\n<p><strong>Life insurance with Nationale Nederlanden<\/strong><\/p>\n\n\n\n<ul class=\"wp-block-list\">\n<li>paid by the employer<\/li>\n\n\n\n<li>the insurance contract provides 24-hour insurance for life at work and in private situations, including accidents during sports activities<\/li>\n\n\n\n<li>benefits for accidents, hospital stay, birth of a child, etc.<\/li>\n\n\n\n<li>serious diseases, medical procedures of the insured and a wide range of medical conditions covered<\/li>\n<\/ul>\n\n\n\n<p><strong>Medical care with SALTUS insurance company<\/strong><\/p>\n\n\n\n<ul class=\"wp-block-list\">\n<li>paid by the employer<\/li>\n\n\n\n<li>access to medical specialists across the country<\/li>\n\n\n\n<li>free laboratory tests and other treatment<\/li>\n\n\n\n<li>rehabilitation<\/li>\n<\/ul>\n\n\n\n<p><strong>Family trips<\/strong><\/p>\n\n\n\n<p><strong>Team-building events<\/strong><\/p>\n\n\n  <\/div>\n\n<\/div>\n\n\n\n<style>\n    @media (max-width:1023px) {\n        .spacer-block_5eade54de7266b541aff166c97720cc8 {\n            height: 10px;\n        }\n    }\n    @media (min-width:1024px) {\n        .spacer-block_5eade54de7266b541aff166c97720cc8 {\n            height: 50px;\n        }\n    }\n<\/style>\n<div class=\"spacer spacer-block_5eade54de7266b541aff166c97720cc8\"><\/div>\n\n\n<div class=\"anchor\" id=\"offers\"><\/div>\n\n\n\n<h2 class=\"wp-block-heading has-text-align-center is-style-heading-medium\">Current job offers<\/h2>\n\n\n\n<style>\n    @media (max-width:1023px) {\n        .spacer-block_d78f44c65b83bb5f5877c16550667374 {\n            height: 10px;\n        }\n    }\n    @media (min-width:1024px) {\n        .spacer-block_d78f44c65b83bb5f5877c16550667374 {\n            height: 40px;\n        }\n    }\n<\/style>\n<div class=\"spacer spacer-block_d78f44c65b83bb5f5877c16550667374\"><\/div>\n\n\n\n<div class=\"wp-block-group is-style-container\"><div class=\"wp-block-group__inner-container is-layout-flow wp-block-group-is-layout-flow\">\n  <div class=\"post-list post-list--3\">\n          <a href=\"\/en\/construction-engineer\/\" class=\"post-box\">\n        <img loading=\"lazy\" decoding=\"async\" width=\"352\" height=\"352\" src=\"https:\/\/commercecon.pl\/wp-content\/uploads\/2021\/06\/Kariera-kierownik-projektu-Commercecon.png\" class=\"attachment-square size-square\" alt=\"\" srcset=\"https:\/\/commercecon.pl\/wp-content\/uploads\/2021\/06\/Kariera-kierownik-projektu-Commercecon.png 352w, https:\/\/commercecon.pl\/wp-content\/uploads\/2021\/06\/Kariera-kierownik-projektu-Commercecon-300x300.png 300w, https:\/\/commercecon.pl\/wp-content\/uploads\/2021\/06\/Kariera-kierownik-projektu-Commercecon-150x150.png 150w\" sizes=\"auto, (max-width: 352px) 100vw, 352px\" \/>        <div class=\"post-box__info\">\n          <!--<div class=\"post-date\">26.01.2021<\/div>-->\n          <div class=\"post-box__title\">Construction Engineer<\/div>\n          <div class=\"post-box__cta\">See more<\/div>\n        <\/div>\n      <\/a>\n          <a href=\"\/en\/construction-manager-2\/\" class=\"post-box\">\n        <img loading=\"lazy\" decoding=\"async\" width=\"352\" height=\"352\" src=\"https:\/\/commercecon.pl\/wp-content\/uploads\/2021\/06\/Kariera-Kierownik-Budowy-Commercecon.png\" class=\"attachment-square size-square\" alt=\"\" srcset=\"https:\/\/commercecon.pl\/wp-content\/uploads\/2021\/06\/Kariera-Kierownik-Budowy-Commercecon.png 352w, https:\/\/commercecon.pl\/wp-content\/uploads\/2021\/06\/Kariera-Kierownik-Budowy-Commercecon-300x300.png 300w, https:\/\/commercecon.pl\/wp-content\/uploads\/2021\/06\/Kariera-Kierownik-Budowy-Commercecon-150x150.png 150w\" sizes=\"auto, (max-width: 352px) 100vw, 352px\" \/>        <div class=\"post-box__info\">\n          <!--<div class=\"post-date\">26.01.2021<\/div>-->\n          <div class=\"post-box__title\">Construction Manager<\/div>\n          <div class=\"post-box__cta\">See more<\/div>\n        <\/div>\n      <\/a>\n      <\/div>\n\n\n\n\n<style>\n    @media (max-width:1023px) {\n        .spacer-block_d78f44c65b83bb5f5877c16550667374 {\n            height: 10px;\n        }\n    }\n    @media (min-width:1024px) {\n        .spacer-block_d78f44c65b83bb5f5877c16550667374 {\n            height: 40px;\n        }\n    }\n<\/style>\n<div class=\"spacer spacer-block_d78f44c65b83bb5f5877c16550667374\"><\/div>\n\n\n<div class=\"anchor\" id=\"student-zone\"><\/div>\n\n\n\n\n<div class=\"text-box-image text-photo style-fullwidth\">\n  <div class=\"text-box-image__image\">\n    <img loading=\"lazy\" decoding=\"async\" width=\"1920\" height=\"664\" src=\"https:\/\/commercecon.pl\/wp-content\/uploads\/2022\/09\/05-14_com_0101-4-2048x708-1-1920x664.png\" class=\"attachment-xlarge size-xlarge\" alt=\"\" srcset=\"https:\/\/commercecon.pl\/wp-content\/uploads\/2022\/09\/05-14_com_0101-4-2048x708-1-1920x664.png 1920w, https:\/\/commercecon.pl\/wp-content\/uploads\/2022\/09\/05-14_com_0101-4-2048x708-1-300x104.png 300w, https:\/\/commercecon.pl\/wp-content\/uploads\/2022\/09\/05-14_com_0101-4-2048x708-1-1024x354.png 1024w, https:\/\/commercecon.pl\/wp-content\/uploads\/2022\/09\/05-14_com_0101-4-2048x708-1-768x266.png 768w, https:\/\/commercecon.pl\/wp-content\/uploads\/2022\/09\/05-14_com_0101-4-2048x708-1-1536x531.png 1536w, https:\/\/commercecon.pl\/wp-content\/uploads\/2022\/09\/05-14_com_0101-4-2048x708-1.png 2048w\" sizes=\"auto, (max-width: 1920px) 100vw, 1920px\" \/>  <\/div>\n  <div class=\"text-box-image__text\">\n    \n\n<h2 class=\"wp-block-heading\">Student Zone<\/h2>\n\n\n\n<p>Start your career now during your studies and join our team!<\/p>\n\n\n\n<div class=\"\">\n  <a href=\"\/en\/student-zone\/\"\n     class=\"text-link\"\n       >More<\/a>\n<\/div>\n\n\n  <\/div>\n\n<\/div>\n\n\n<div class=\"anchor\" id=\"recruitment-process\"><\/div>\n\n\n\n\n<div class=\"text-box-image photo-text style-fullwidth\">\n  <div class=\"text-box-image__image\">\n    <img loading=\"lazy\" decoding=\"async\" width=\"1920\" height=\"1070\" src=\"https:\/\/commercecon.pl\/wp-content\/uploads\/2022\/09\/jak-sie-przygotowac-2048x1141-1-1920x1070.jpg\" class=\"attachment-xlarge size-xlarge\" alt=\"\" srcset=\"https:\/\/commercecon.pl\/wp-content\/uploads\/2022\/09\/jak-sie-przygotowac-2048x1141-1-1920x1070.jpg 1920w, https:\/\/commercecon.pl\/wp-content\/uploads\/2022\/09\/jak-sie-przygotowac-2048x1141-1-300x167.jpg 300w, https:\/\/commercecon.pl\/wp-content\/uploads\/2022\/09\/jak-sie-przygotowac-2048x1141-1-1024x571.jpg 1024w, https:\/\/commercecon.pl\/wp-content\/uploads\/2022\/09\/jak-sie-przygotowac-2048x1141-1-768x428.jpg 768w, https:\/\/commercecon.pl\/wp-content\/uploads\/2022\/09\/jak-sie-przygotowac-2048x1141-1-1536x856.jpg 1536w, https:\/\/commercecon.pl\/wp-content\/uploads\/2022\/09\/jak-sie-przygotowac-2048x1141-1.jpg 2048w\" sizes=\"auto, (max-width: 1920px) 100vw, 1920px\" \/>  <\/div>\n  <div class=\"text-box-image__text\">\n    \n\n<h2 class=\"wp-block-heading\">Recruitment process<\/h2>\n\n\n\n<p>See what you can expect <br>at a Commercecon job interview.<\/p>\n\n\n\n<div class=\"\">\n  <a href=\"\/en\/recruitment-process\/\"\n     class=\"text-link\"\n       >More<\/a>\n<\/div>\n\n\n  <\/div>\n\n<\/div>\n\n\n\n<style>\n    @media (max-width:1023px) {\n        .spacer-block_d78f44c65b83bb5f5877c16550667374 {\n            height: 10px;\n        }\n    }\n    @media (min-width:1024px) {\n        .spacer-block_d78f44c65b83bb5f5877c16550667374 {\n            height: 40px;\n        }\n    }\n<\/style>\n<div class=\"spacer spacer-block_d78f44c65b83bb5f5877c16550667374\"><\/div>\n\n\n\n<div class=\"form-section\">\n  <div class=\"form-section__bg\" style=\"background-image:url(https:\/\/commercecon.pl\/wp-content\/uploads\/2021\/06\/Konstrukcja.png)\"><\/div>\n  <div class=\"form-section__inner container zindex5\">\n    <div class=\"form-section__text\">\n      <div class=\"is-style-subtitle\">JOIN US<\/div>\n      <div class=\"is-style-heading-medium \">Send us your CV <\/div>\n              <p>Even if we do not have vacancies at the moment, we will let you know if something comes up.<\/p>\n          <\/div>\n    <div class=\"form-section__form\">\n      \n<div class=\"wpcf7 no-js\" id=\"wpcf7-f5253-o1\" lang=\"pl-PL\" dir=\"ltr\" data-wpcf7-id=\"5253\">\n<div class=\"screen-reader-response\"><p role=\"status\" aria-live=\"polite\" aria-atomic=\"true\"><\/p> <ul><\/ul><\/div>\n<form action=\"\/en\/wp-json\/wp\/v2\/pages\/4448#wpcf7-f5253-o1\" method=\"post\" class=\"wpcf7-form init wpcf7-acceptance-as-validation\" aria-label=\"Formularz kontaktowy\" novalidate=\"novalidate\" data-status=\"init\">\n<fieldset class=\"hidden-fields-container\"><input type=\"hidden\" name=\"_wpcf7\" value=\"5253\" \/><input type=\"hidden\" name=\"_wpcf7_version\" value=\"6.1.3\" \/><input type=\"hidden\" name=\"_wpcf7_locale\" value=\"pl_PL\" \/><input type=\"hidden\" name=\"_wpcf7_unit_tag\" value=\"wpcf7-f5253-o1\" \/><input type=\"hidden\" name=\"_wpcf7_container_post\" value=\"0\" \/><input type=\"hidden\" name=\"_wpcf7_posted_data_hash\" value=\"\" \/><input type=\"hidden\" name=\"_wpcf7_recaptcha_response\" value=\"\" \/>\n<\/fieldset>\n<div class=\"field-2cols\">\n  <label class=\"field\">\n    <div class=\"field__label\">First name*<\/div>\n    <div class=\"field__field\">\n      <span class=\"wpcf7-form-control-wrap\" data-name=\"your-fname\"><input size=\"40\" maxlength=\"400\" class=\"wpcf7-form-control wpcf7-text wpcf7-validates-as-required\" aria-required=\"true\" aria-invalid=\"false\" value=\"\" type=\"text\" name=\"your-fname\" \/><\/span>\n    <\/div>\n  <\/label>\n  <label class=\"field\">\n    <div class=\"field__label\">Surname*<\/div>\n    <div class=\"field__field\">\n      <span class=\"wpcf7-form-control-wrap\" data-name=\"your-lame\"><input size=\"40\" maxlength=\"400\" class=\"wpcf7-form-control wpcf7-text wpcf7-validates-as-required\" aria-required=\"true\" aria-invalid=\"false\" value=\"\" type=\"text\" name=\"your-lame\" \/><\/span>\n    <\/div>\n  <\/label>\n<\/div>\n\n<div class=\"field-2cols\">\n  <label class=\"field\">\n    <div class=\"field__label\">E-mail*<\/div>\n    <div class=\"field__field\">\n      <span class=\"wpcf7-form-control-wrap\" data-name=\"your-mail\"><input size=\"40\" maxlength=\"400\" class=\"wpcf7-form-control wpcf7-text wpcf7-validates-as-required\" aria-required=\"true\" aria-invalid=\"false\" value=\"\" type=\"text\" name=\"your-mail\" \/><\/span>\n    <\/div>\n  <\/label>\n  <label class=\"field\">\n    <div class=\"field__label\">Telephone number<\/div>\n    <div class=\"field__field\">\n      <span class=\"wpcf7-form-control-wrap\" data-name=\"your-phone\"><input size=\"40\" maxlength=\"400\" class=\"wpcf7-form-control wpcf7-text\" aria-invalid=\"false\" value=\"\" type=\"text\" name=\"your-phone\" \/><\/span>\n    <\/div>\n  <\/label>\n<\/div>\n\n<label class=\"field\">\n  <div class=\"field__label\">Send us CV <\/div>\n  <div class=\"field__field\">\n    <span class=\"wpcf7-form-control-wrap\" data-name=\"upload-file-915\"><input size=\"40\" class=\"wpcf7-form-control wpcf7-drag-n-drop-file d-none\" aria-invalid=\"false\" type=\"file\" multiple=\"multiple\" data-name=\"upload-file-915\" data-max=\"5\" data-id=\"5253\" data-version=\"free version 1.3.9.2\" accept=\".\" \/><\/span>\n  <\/div>\n<\/label>\n\n<label class=\"field\">\n  <div class=\"field__label\">Message*<\/div>\n  <div class=\"field__field\">\n    <span class=\"wpcf7-form-control-wrap\" data-name=\"message\"><textarea cols=\"40\" rows=\"10\" maxlength=\"2000\" class=\"wpcf7-form-control wpcf7-textarea wpcf7-validates-as-required\" aria-required=\"true\" aria-invalid=\"false\" name=\"message\"><\/textarea><\/span>\n  <\/div>\n<\/label>\n<div class=\"mb30\">\n\n<div class=\"checkbox-wrapper\">\n<span class=\"wpcf7-form-control-wrap\" data-name=\"acceptance-1\"><span class=\"wpcf7-form-control wpcf7-acceptance\"><span class=\"wpcf7-list-item\"><label><input type=\"checkbox\" name=\"acceptance-1\" value=\"1\" aria-invalid=\"false\" \/><span class=\"wpcf7-list-item-label\">*I have read and understood the Information Clause of Commercecon Sp\u00f3\u0142ka z ograniczon\u0105 odpowiedzialno\u015bci\u0105 Sp. K.\u201d  <span class=\"more-dots\">&#8230;<br \/><\/span> <span class=\"more-text\"><br \/><br \/>In compliance with the information obligation under Article 13 of the General Data Protection Regulation of 27 April 2016 (OJ L 119, 04\/05\/2016), we would like to inform you that:<br \/>\n\n1) The controller of your personal data is Commercecon sp\u00f3\u0142ka z ograniczon\u0105 odpowiedzialno\u015bci\u0105 Sp. K., having its registered office in Konstantyn\u00f3w \u0141\u00f3dzki 95-050, ul. Inwestycyjna 5.<br \/>\n2) The contact details of the Data Protection Officer are: Marcin Polit, +48533641700, iod@commercecon.pl.<br \/>\n3) Your personal data will be processed for the following purposes:<br \/>\n&#8211; recruitment for selected positions (Article 6(1)(f));<br \/>\n&#8211; future recruitment (Article 6(1)(a));<br \/>\n&#8211; ensuring the safety of employees and property (Article 6(1)(f));<br \/>\n&#8211; defence against claims (Article 6(1)(f) GDPR).<br \/>\n4) The recipients of your personal data will be only the entities authorised to manage the recruitment for Commercecon Sp\u00f3\u0142ka z ograniczon\u0105 odpowiedzialno\u015bci\u0105 Sp. K .<br \/>\n5) Your personal data will be stored until you effectively exercise your right to object or withdraw your consent, or for the storage period prescribed by the applicable law.<br \/>\n6) You have the right to access, rectify, erase your data or restrict its processing, withdraw your consent, the right to data portability and the right to object if your data is processed based on Article 6(1)(e) or (f).<br \/>\n7) You have the right to lodge a complaint with the Personal Data Protection Office (UODO) if your personal data is processed by the controller contrary to the General Data Protection Regulation of 27 April 2016.<br \/>\n8) Your data will not be subject to automated processing, including profiling.<br \/>\n9) The provision of personal data is voluntary, but failure to provide data will preclude the recruitment process.<br \/>\n<\/span>\n<button type=\"button\" class=\"show-more\">Show more<\/button>\n<button type=\"button\" class=\"show-less\">Show less<\/button><\/span><\/label><\/span><\/span><\/span>\n<\/div>\n\n<div class=\"checkbox-wrapper\">\n<span class=\"wpcf7-form-control-wrap\" data-name=\"acceptance-2\"><span class=\"wpcf7-form-control wpcf7-acceptance\"><span class=\"wpcf7-list-item\"><label><input type=\"checkbox\" name=\"acceptance-2\" value=\"1\" aria-invalid=\"false\" \/><span class=\"wpcf7-list-item-label\">*I consent to being contacted using the contact methods I have provided (e-mail, phone) for the purpose of the current recruitment process.<\/span><\/label><\/span><\/span><\/span>\n\n\n<\/div>\n<\/div>\n\n<span id=\"wpcf7-69d7282e9c925-wrapper\" class=\"wpcf7-form-control-wrap honeypot-227-wrap\" style=\"display:none !important; visibility:hidden !important;\"><label for=\"wpcf7-69d7282e9c925-field\" class=\"hp-message\">Please leave this field empty.<\/label><input id=\"wpcf7-69d7282e9c925-field\"  class=\"wpcf7-form-control wpcf7-text\" type=\"text\" name=\"honeypot-227\" value=\"\" size=\"40\" tabindex=\"-1\" autocomplete=\"new-password\" \/><\/span>\n\n<div class=\"text-right relative mt20\">\n<input class=\"wpcf7-form-control wpcf7-submit has-spinner btn btn--blue\" type=\"submit\" value=\"Send CV\" \/>\n<\/div>\n<p style=\"font-size: 1.2rem; color: #9c9c9c; margin-top: 100px;\">This page is protected by the reCAPTCHA. <a href=\"https:\/\/policies.google.com\/privacy\" target=\"_blank\">Privacy policy<\/a> and Google <a href=\"https:\/\/policies.google.com\/terms\" target=\"_blank\">Regulations<\/a> apply.<\/p><div class=\"wpcf7-response-output\" aria-hidden=\"true\"><\/div>\n<\/form>\n<\/div>\n    <\/div>\n  <\/div>\n<\/div>\n\n\n<\/div><\/div>\n","protected":false},"excerpt":{"rendered":"<p>Current job offers<\/p>\n","protected":false},"author":3,"featured_media":0,"parent":0,"menu_order":0,"comment_status":"closed","ping_status":"closed","template":"","meta":{"_acf_changed":false,"inline_featured_image":false,"footnotes":""},"class_list":["post-4448","page","type-page","status-publish","hentry"],"acf":[],"yoast_head":"<!-- This site is optimized with the Yoast SEO plugin v26.4 - https:\/\/yoast.com\/wordpress\/plugins\/seo\/ -->\n<title>Careers - Commercecon<\/title>\n<meta name=\"robots\" content=\"index, follow, max-snippet:-1, max-image-preview:large, max-video-preview:-1\" \/>\n<link rel=\"canonical\" href=\"https:\/\/commercecon.pl\/en\/join-us\/\" \/>\n<meta property=\"og:locale\" content=\"en_US\" \/>\n<meta property=\"og:type\" content=\"article\" \/>\n<meta property=\"og:title\" content=\"Careers - Commercecon\" \/>\n<meta property=\"og:description\" content=\"Current job offers\" \/>\n<meta property=\"og:url\" content=\"https:\/\/commercecon.pl\/en\/join-us\/\" \/>\n<meta property=\"og:site_name\" content=\"Commercecon\" \/>\n<meta property=\"article:modified_time\" content=\"2025-04-14T14:53:45+00:00\" \/>\n<meta property=\"og:image\" content=\"https:\/\/commercecon.pl\/wp-content\/uploads\/2024\/11\/0730_Panasystem.jpg\" \/>\n\t<meta property=\"og:image:width\" content=\"1900\" \/>\n\t<meta property=\"og:image:height\" content=\"1266\" \/>\n\t<meta property=\"og:image:type\" content=\"image\/jpeg\" \/>\n<meta name=\"twitter:card\" content=\"summary_large_image\" \/>\n<meta name=\"twitter:label1\" content=\"Est. reading time\" \/>\n\t<meta name=\"twitter:data1\" content=\"1 minute\" \/>\n<script type=\"application\/ld+json\" class=\"yoast-schema-graph\">{\"@context\":\"https:\/\/schema.org\",\"@graph\":[{\"@type\":\"WebPage\",\"@id\":\"https:\/\/commercecon.pl\/en\/join-us\/\",\"url\":\"https:\/\/commercecon.pl\/en\/join-us\/\",\"name\":\"Careers - Commercecon\",\"isPartOf\":{\"@id\":\"https:\/\/commercecon.pl\/en\/#website\"},\"datePublished\":\"2021-10-13T09:26:54+00:00\",\"dateModified\":\"2025-04-14T14:53:45+00:00\",\"breadcrumb\":{\"@id\":\"https:\/\/commercecon.pl\/en\/join-us\/#breadcrumb\"},\"inLanguage\":\"en-US\",\"potentialAction\":[{\"@type\":\"ReadAction\",\"target\":[\"https:\/\/commercecon.pl\/en\/join-us\/\"]}]},{\"@type\":\"BreadcrumbList\",\"@id\":\"https:\/\/commercecon.pl\/en\/join-us\/#breadcrumb\",\"itemListElement\":[{\"@type\":\"ListItem\",\"position\":1,\"name\":\"Main\",\"item\":\"https:\/\/commercecon.pl\/en\/\"},{\"@type\":\"ListItem\",\"position\":2,\"name\":\"Careers\"}]},{\"@type\":\"WebSite\",\"@id\":\"https:\/\/commercecon.pl\/en\/#website\",\"url\":\"https:\/\/commercecon.pl\/en\/\",\"name\":\"Commercecon\",\"description\":\"\",\"potentialAction\":[{\"@type\":\"SearchAction\",\"target\":{\"@type\":\"EntryPoint\",\"urlTemplate\":\"https:\/\/commercecon.pl\/en\/?s={search_term_string}\"},\"query-input\":{\"@type\":\"PropertyValueSpecification\",\"valueRequired\":true,\"valueName\":\"search_term_string\"}}],\"inLanguage\":\"en-US\"}]}<\/script>\n<!-- \/ Yoast SEO plugin. -->","yoast_head_json":{"title":"Careers - Commercecon","robots":{"index":"index","follow":"follow","max-snippet":"max-snippet:-1","max-image-preview":"max-image-preview:large","max-video-preview":"max-video-preview:-1"},"canonical":"https:\/\/commercecon.pl\/en\/join-us\/","og_locale":"en_US","og_type":"article","og_title":"Careers - Commercecon","og_description":"Current job offers","og_url":"https:\/\/commercecon.pl\/en\/join-us\/","og_site_name":"Commercecon","article_modified_time":"2025-04-14T14:53:45+00:00","og_image":[{"width":1900,"height":1266,"url":"https:\/\/commercecon.pl\/wp-content\/uploads\/2024\/11\/0730_Panasystem.jpg","type":"image\/jpeg"}],"twitter_card":"summary_large_image","twitter_misc":{"Est. reading time":"1 minute"},"schema":{"@context":"https:\/\/schema.org","@graph":[{"@type":"WebPage","@id":"https:\/\/commercecon.pl\/en\/join-us\/","url":"https:\/\/commercecon.pl\/en\/join-us\/","name":"Careers - Commercecon","isPartOf":{"@id":"https:\/\/commercecon.pl\/en\/#website"},"datePublished":"2021-10-13T09:26:54+00:00","dateModified":"2025-04-14T14:53:45+00:00","breadcrumb":{"@id":"https:\/\/commercecon.pl\/en\/join-us\/#breadcrumb"},"inLanguage":"en-US","potentialAction":[{"@type":"ReadAction","target":["https:\/\/commercecon.pl\/en\/join-us\/"]}]},{"@type":"BreadcrumbList","@id":"https:\/\/commercecon.pl\/en\/join-us\/#breadcrumb","itemListElement":[{"@type":"ListItem","position":1,"name":"Main","item":"https:\/\/commercecon.pl\/en\/"},{"@type":"ListItem","position":2,"name":"Careers"}]},{"@type":"WebSite","@id":"https:\/\/commercecon.pl\/en\/#website","url":"https:\/\/commercecon.pl\/en\/","name":"Commercecon","description":"","potentialAction":[{"@type":"SearchAction","target":{"@type":"EntryPoint","urlTemplate":"https:\/\/commercecon.pl\/en\/?s={search_term_string}"},"query-input":{"@type":"PropertyValueSpecification","valueRequired":true,"valueName":"search_term_string"}}],"inLanguage":"en-US"}]}},"_links":{"self":[{"href":"https:\/\/commercecon.pl\/en\/wp-json\/wp\/v2\/pages\/4448","targetHints":{"allow":["GET"]}}],"collection":[{"href":"https:\/\/commercecon.pl\/en\/wp-json\/wp\/v2\/pages"}],"about":[{"href":"https:\/\/commercecon.pl\/en\/wp-json\/wp\/v2\/types\/page"}],"author":[{"embeddable":true,"href":"https:\/\/commercecon.pl\/en\/wp-json\/wp\/v2\/users\/3"}],"replies":[{"embeddable":true,"href":"https:\/\/commercecon.pl\/en\/wp-json\/wp\/v2\/comments?post=4448"}],"version-history":[{"count":34,"href":"https:\/\/commercecon.pl\/en\/wp-json\/wp\/v2\/pages\/4448\/revisions"}],"predecessor-version":[{"id":9892,"href":"https:\/\/commercecon.pl\/en\/wp-json\/wp\/v2\/pages\/4448\/revisions\/9892"}],"wp:attachment":[{"href":"https:\/\/commercecon.pl\/en\/wp-json\/wp\/v2\/media?parent=4448"}],"curies":[{"name":"wp","href":"https:\/\/api.w.org\/{rel}","templated":true}]}}