{"id":4454,"date":"2021-06-10T14:52:25","date_gmt":"2021-06-10T12:52:25","guid":{"rendered":"https:\/\/commercecon.pl\/?page_id=4454"},"modified":"2026-05-05T09:30:23","modified_gmt":"2026-05-05T07:30:23","slug":"contact","status":"publish","type":"page","link":"https:\/\/commercecon.pl\/en\/contact\/","title":{"rendered":"Contact"},"content":{"rendered":"\n<style>\n    @media (max-width:1023px) {\n        .spacer-block_f753ce9462b04ee163da52b74b5a10d8 {\n            height: 10px;\n        }\n    }\n    @media (min-width:1024px) {\n        .spacer-block_f753ce9462b04ee163da52b74b5a10d8 {\n            height: 50px;\n        }\n    }\n<\/style>\n<div class=\"spacer spacer-block_f753ce9462b04ee163da52b74b5a10d8\"><\/div>\n\n\n  <div class=\"departments container\">\n          <div class=\"department\">\n        <div class=\"department__title\">Sales Department<\/div>\n                <div class=\"department__text\"><p><strong>Adam Warzycha<br \/>\n<\/strong>Sales Manager<\/p>\n<p><a style=\"text-decoration: none; color: #000;\" href=\"tel:509896352\">+ 48 509 896 352<\/a><br \/>\n<a href=\"mailto:a.warzycha@commercecon.pl\">a.warzycha@commercecon.pl<\/a><\/p>\n<\/div>\n      <\/div>\n          <div class=\"department\">\n        <div class=\"department__title\">Marketing Department<\/div>\n                <div class=\"department__text\"><p><strong>Micha\u0142 Brzezi\u0144ski<\/strong><br \/>\nMarketing Manager<\/p>\n<p><a style=\"text-decoration: none; color: #000;\" href=\"tel:693705022\">+48 693 705 022<\/a><br \/>\n<a href=\"mailto:m.brzezinski@commercecon.pl\">m.brzezinski@commercecon.pl<\/a><\/p>\n<\/div>\n      <\/div>\n          <div class=\"department\">\n        <div class=\"department__title\">Finance and Payments<\/div>\n                <div class=\"department__text\"><p><a style=\"text-decoration: none; color: #000;\" href=\"tel:+48422071040\">+48 42 207 10 40<\/a><\/p>\n<\/div>\n      <\/div>\n          <div class=\"department\">\n        <div class=\"department__title\">Human resources and Health and Safety<\/div>\n                <div class=\"department__text\"><p><a style=\"text-decoration: none; color: #000;\" href=\"tel:+48422071041\">+48 42 207 10 41<\/a><\/p>\n<\/div>\n      <\/div>\n          <div class=\"department\">\n        <div class=\"department__title\">Investment Valuation<\/div>\n                <div class=\"department__text\"><p><a style=\"text-decoration: none; color: #000;\" href=\"tel:+48422071042\">+48 42 207 10 42<\/a><\/p>\n<\/div>\n      <\/div>\n          <div class=\"department\">\n        <div class=\"department__title\">Projects Office<\/div>\n                <div class=\"department__text\"><p><a style=\"text-decoration: none; color: #000;\" href=\"tel:+48422071043\">+48 42 207 10 43<\/a><\/p>\n<\/div>\n      <\/div>\n      <\/div>\n\n\n\n<style>\n    @media (max-width:1023px) {\n        .spacer-block_f753ce9462b04ee163da52b74b5a10d8 {\n            height: 10px;\n        }\n    }\n    @media (min-width:1024px) {\n        .spacer-block_f753ce9462b04ee163da52b74b5a10d8 {\n            height: 50px;\n        }\n    }\n<\/style>\n<div class=\"spacer spacer-block_f753ce9462b04ee163da52b74b5a10d8\"><\/div>\n\n\n\n<div class=\"contact-data\">\n  <div class=\"contact-data__inner container\">\n    <div class=\"contact-data__col1\">\n      <p>COMMERCECON Sp. z o.o.<\/p>\n    <\/div>\n    <div class=\"contact-data__col2\">\n      <p>95-050 Konstantyn\u00f3w \u0141\u00f3dzki<br \/>\nul. Inwestycyjna 5<br \/>\n<a href=\"https:\/\/www.google.com\/maps\/dir\/\/COMMERCECON+Sp%C3%B3%C5%82ka+z+ograniczon%C4%85+odpowiedzialno%C5%9Bci%C4%85+Sp.K.,+95-050+Konstantyn%C3%B3w+%C5%81%C3%B3dzki\/@51.7410935,19.3293326,13z\/data=!4m9!4m8!1m0!1m5!1m1!1s0x471a4a81465c309f:0x4c5a1cf6d1e490c3!2m2!1d19.3644355!2d51.7410498!3e0\" target=\"_blank\" rel=\"noopener\">Show on Google Maps<\/a><\/p>\n<p>Tax ID (NIP):<span class=\"Apple-converted-space\">\u00a0<\/span> 727 27 41 139<\/p>\n<p>Statistical no. (REGON): 100649281<\/p>\n<p>District Court for \u0141\u00f3d\u017a-\u015ar\u00f3dmie\u015bcie in \u0141\u00f3d\u017a, 20th Division of the National Court Register, no. 0001236523<\/p>\n    <\/div>\n    <div class=\"contact-data__col3\">\n      <p><strong>Office<\/strong><\/p>\n<p><a style=\"text-decoration: none;color: #fff\" href=\"tel:48426321020\">tel: +48 42 632 10 20 <\/a><br \/>\n<a href=\"mailto:biuro@commercecon.pl\">biuro@commercecon.pl<\/a><\/p>\n    <\/div>\n  <\/div>\n<\/div>\n\n\n  <button type=\"button\" class=\"map-toggle\" data-less=\"Shrink map\" data-more=\"Show map\">\n    <span>Show map<\/span>\n    <img decoding=\"async\" src=\"https:\/\/commercecon.pl\/wp-content\/themes\/commercecon\/assets\/images\/map-toggle.png\" alt=\"\" \/><\/button>\n  <div class=\" map-wrapper map-container\">\n    <div class=\"contact-map map\" data-lat=\"51.741081\" data-lng=\"19.363861\" id=\"map-block_bf6fef48af5cc4af5b56ad2168b95d75\"><\/div>\n  <\/div>\n\n<script src=\"https:\/\/maps.googleapis.com\/maps\/api\/js?key=AIzaSyDvNwLN-qb0RADQNzT1kwuAJhlbA8jIXm4\" type=\"text\/javascript\"><\/script>\n\n\n\n<style>\n    @media (max-width:1023px) {\n        .spacer-block_9ddc5a2ea1125ef1215c12fdf09bae0b {\n            height: 10px;\n        }\n    }\n    @media (min-width:1024px) {\n        .spacer-block_9ddc5a2ea1125ef1215c12fdf09bae0b {\n            height: 40px;\n        }\n    }\n<\/style>\n<div class=\"spacer spacer-block_9ddc5a2ea1125ef1215c12fdf09bae0b\"><\/div>\n\n\n\n<div class=\"wp-block-group is-style-container\"><div class=\"wp-block-group__inner-container is-layout-flow wp-block-group-is-layout-flow\">\n<div class=\"form-section\">\n  <div class=\"form-section__bg\" style=\"background-image:url(https:\/\/commercecon.pl\/wp-content\/uploads\/2021\/06\/Konstrukcja.png)\"><\/div>\n  <div class=\"form-section__inner container zindex5\">\n    <div class=\"form-section__text\">\n      <div class=\"is-style-subtitle\">CONTACT US <\/div>\n      <div class=\"is-style-heading-medium \">Send us a message<\/div>\n          <\/div>\n    <div class=\"form-section__form\">\n      \n<div class=\"wpcf7 no-js\" id=\"wpcf7-f5256-o1\" lang=\"pl-PL\" dir=\"ltr\" data-wpcf7-id=\"5256\">\n<div class=\"screen-reader-response\"><p role=\"status\" aria-live=\"polite\" aria-atomic=\"true\"><\/p> <ul><\/ul><\/div>\n<form action=\"\/en\/wp-json\/wp\/v2\/pages\/4454#wpcf7-f5256-o1\" method=\"post\" class=\"wpcf7-form init wpcf7-acceptance-as-validation\" aria-label=\"Formularz kontaktowy\" novalidate=\"novalidate\" data-status=\"init\">\n<fieldset class=\"hidden-fields-container\"><input type=\"hidden\" name=\"_wpcf7\" value=\"5256\" \/><input type=\"hidden\" name=\"_wpcf7_version\" value=\"6.1.3\" \/><input type=\"hidden\" name=\"_wpcf7_locale\" value=\"pl_PL\" \/><input type=\"hidden\" name=\"_wpcf7_unit_tag\" value=\"wpcf7-f5256-o1\" \/><input type=\"hidden\" name=\"_wpcf7_container_post\" value=\"0\" \/><input type=\"hidden\" name=\"_wpcf7_posted_data_hash\" value=\"\" \/><input type=\"hidden\" name=\"_wpcf7_recaptcha_response\" value=\"\" \/>\n<\/fieldset>\n<div class=\"field-2cols\">\n  <label class=\"field\">\n    <div class=\"field__label\">First name*<\/div>\n    <div class=\"field__field\">\n      <span class=\"wpcf7-form-control-wrap\" data-name=\"your-fname\"><input size=\"40\" maxlength=\"400\" class=\"wpcf7-form-control wpcf7-text wpcf7-validates-as-required\" aria-required=\"true\" aria-invalid=\"false\" value=\"\" type=\"text\" name=\"your-fname\" \/><\/span>\n    <\/div>\n  <\/label>\n  <label class=\"field\">\n    <div class=\"field__label\">Surname*<\/div>\n    <div class=\"field__field\">\n      <span class=\"wpcf7-form-control-wrap\" data-name=\"your-lame\"><input size=\"40\" maxlength=\"400\" class=\"wpcf7-form-control wpcf7-text wpcf7-validates-as-required\" aria-required=\"true\" aria-invalid=\"false\" value=\"\" type=\"text\" name=\"your-lame\" \/><\/span>\n    <\/div>\n  <\/label>\n<\/div>\n\n<label class=\"field\">\n  <div class=\"field__label\">Company name*<\/div>\n  <div class=\"field__field\">\n    <span class=\"wpcf7-form-control-wrap\" data-name=\"your-company\"><input size=\"40\" maxlength=\"400\" class=\"wpcf7-form-control wpcf7-text wpcf7-validates-as-required\" aria-required=\"true\" aria-invalid=\"false\" value=\"\" type=\"text\" name=\"your-company\" \/><\/span>\n  <\/div>\n<\/label>\n\n<div class=\"field-2cols\">\n  <label class=\"field\">\n    <div class=\"field__label\">E-mail*<\/div>\n    <div class=\"field__field\">\n      <span class=\"wpcf7-form-control-wrap\" data-name=\"your-mail\"><input size=\"40\" maxlength=\"400\" class=\"wpcf7-form-control wpcf7-text wpcf7-validates-as-required\" aria-required=\"true\" aria-invalid=\"false\" value=\"\" type=\"text\" name=\"your-mail\" \/><\/span>\n    <\/div>\n  <\/label>\n  <label class=\"field\">\n    <div class=\"field__label\">Telephone number<\/div>\n    <div class=\"field__field\">\n      <span class=\"wpcf7-form-control-wrap\" data-name=\"your-phone\"><input size=\"40\" maxlength=\"400\" class=\"wpcf7-form-control wpcf7-text\" aria-invalid=\"false\" value=\"\" type=\"text\" name=\"your-phone\" \/><\/span>\n    <\/div>\n  <\/label>\n<\/div>\n\n<label class=\"field\">\n  <div class=\"field__label\">Attach files<\/div>\n  <div class=\"field__field\">\n    <span class=\"wpcf7-form-control-wrap\" data-name=\"upload-file-915\"><input size=\"40\" class=\"wpcf7-form-control wpcf7-drag-n-drop-file d-none\" aria-invalid=\"false\" type=\"file\" multiple=\"multiple\" data-name=\"upload-file-915\" data-max=\"5\" data-id=\"5256\" data-version=\"free version 1.3.9.2\" accept=\".\" \/><\/span>\n  <\/div>\n<\/label>\n\n<label class=\"field\">\n  <div class=\"field__label\">Message<\/div>\n  <div class=\"field__field\">\n    <span class=\"wpcf7-form-control-wrap\" data-name=\"message\"><textarea cols=\"40\" rows=\"10\" maxlength=\"2000\" class=\"wpcf7-form-control wpcf7-textarea\" aria-invalid=\"false\" name=\"message\"><\/textarea><\/span>\n  <\/div>\n<\/label>\n<div class=\"mb30\">\n\n<div class=\"checkbox-wrapper\">\n<span class=\"wpcf7-form-control-wrap\" data-name=\"acceptance-1\"><span class=\"wpcf7-form-control wpcf7-acceptance\"><span class=\"wpcf7-list-item\"><label><input type=\"checkbox\" name=\"acceptance-1\" value=\"1\" aria-invalid=\"false\" \/><span class=\"wpcf7-list-item-label\">*I have read and understood the Information Clause of COMMERCECON Sp. z o.o.   <span class=\"more-dots\">&#8230;<br \/><\/span> <span class=\"more-text\"><br \/>\nIn compliance with the information obligation under Article 13 of the General Data Protection Regulation of 27 April 2016 (OJ L 119, 04\/05\/2016), please be informed that:<br \/>\n1) The controller of your personal data is COMMERCECON Sp. z o.o. , having its registered office in Konstantyn\u00f3w \u0141\u00f3dzki 95-050, ul. Inwestycyjna 5.<br \/>\n2) The contact details of the Data Protection Officer are: Marcin Polit, +48533641700, iod@commercecon.pl.<br \/>\n3) Your personal data will be processed for the following purposes:<br \/>\n&#8211; preparing  and communicating an answer to your query (Article 6(1)(a) GDPR)<br \/>\n&#8211; preparing, sending and discussing a business offer (Article 6(1)(a) GDPR)<br \/>\n&#8211; contact for the purpose of offering products and services by COMMERCECON Sp. z o.o.  (Article 6(1)(a) GDPR)<br \/>\n&#8211; newsletter subscription (Article 6(1)(a) GDPR)<br \/>\n&#8211; promotional campaigns (contests, surveys) (Article 6(1)(a) GDPR)<br \/>\n&#8211; ensuring safety of employees and property (Article 6(1)(f))<br \/>\n&#8211; defence against claims (Article 6(1)(f) GDPR).<br \/>\n4) The recipients of your personal data will be the only entities authorised to obtain personal data under the applicable laws.<br \/>\n5) Your personal data will be stored until you effectively exercise your right to object or withdraw your consent, or for the storage period prescribed by the applicable law.<br \/>\n6) You have the right to access, rectify, erase your data or restrict its processing, withdraw your consent and the right to data portability.<br \/>\n7) You have the right to lodge a complaint with the Personal Data Protection Office (UODO) if your personal data is processed by the controller contrary to the General Data Protection Regulation of 27 April 2016.<br \/>\n8) Your data will be subject to automated processing, including profiling. Automated decision-making will involve storing your information in our database:<br \/>\n&#8211; your data, e.g. first name, surname and position<br \/>\n&#8211; name of the company you represent<br \/>\n&#8211; contact phone<br \/>\n&#8211; e-mail.<br \/>\nAs a result of such processing, you will receive selected marketing information.<br \/>\n9) The provision of personal data is voluntary, but failure to provide data will make it impossible for us to process your request.<br \/>\n<\/span>\n<button type=\"button\" class=\"show-more\">Show more<\/button>\n<button type=\"button\" class=\"show-less\">Show less<\/button><\/span><\/label><\/span><\/span><\/span>\n\n<\/div>\n\n\n<div class=\"checkbox-wrapper\">\n<span class=\"wpcf7-form-control-wrap\" data-name=\"acceptance-2\"><span class=\"wpcf7-form-control wpcf7-acceptance\"><span class=\"wpcf7-list-item\"><label><input type=\"checkbox\" name=\"acceptance-2\" value=\"1\" aria-invalid=\"false\" \/><span class=\"wpcf7-list-item-label\">*I consent to the processing of the information I have provided and that an authorised individual prepares and communicates to me an answer to the question using the communication methods I have selected (e-mail, phone).<\/span><\/label><\/span><\/span><\/span>\n\n<\/div>\n<div class=\"checkbox-wrapper\">\n<span class=\"wpcf7-form-control-wrap\" data-name=\"acceptance-3\"><span class=\"wpcf7-form-control wpcf7-acceptance optional\"><span class=\"wpcf7-list-item\"><label><input type=\"checkbox\" name=\"acceptance-3\" value=\"1\" aria-invalid=\"false\" \/><span class=\"wpcf7-list-item-label\">I consent COMMERCECON Sp. z o.o. to send me marketing information via the communication channels I have selected (e-mail, phone).<\/span><\/label><\/span><\/span><\/span>\n\n<\/div>\n<div class=\"checkbox-wrapper\">\n<span class=\"wpcf7-form-control-wrap\" data-name=\"acceptance-4\"><span class=\"wpcf7-form-control wpcf7-acceptance optional\"><span class=\"wpcf7-list-item\"><label><input type=\"checkbox\" name=\"acceptance-4\" value=\"1\" aria-invalid=\"false\" \/><span class=\"wpcf7-list-item-label\">Please send me, via the communication channels I have selected (e-mail, phone), the information on the promotions, contests, surveys and regular offer updates.<\/span><\/label><\/span><\/span><\/span>\n\n\n<\/div>\n<\/div>\n\n\n<span id=\"wpcf7-6a0216d52c5e5-wrapper\" class=\"wpcf7-form-control-wrap honeypot-411-wrap\" style=\"display:none !important; visibility:hidden !important;\"><label for=\"wpcf7-6a0216d52c5e5-field\" class=\"hp-message\">Please leave this field empty.<\/label><input id=\"wpcf7-6a0216d52c5e5-field\"  class=\"wpcf7-form-control wpcf7-text\" type=\"text\" name=\"honeypot-411\" value=\"\" size=\"40\" tabindex=\"-1\" autocomplete=\"new-password\" \/><\/span>\n\n<div class=\"text-right relative mt20\">\n<input class=\"wpcf7-form-control wpcf7-submit has-spinner btn btn--blue\" type=\"submit\" value=\"Send query\" \/>\n<\/div>\n<p style=\"font-size: 1.2rem; color: #9c9c9c; margin-top: 100px;\">This page is protected by the reCAPTCHA. <a href=\"https:\/\/policies.google.com\/privacy\" target=\"_blank\">Privacy policy<\/a> and Google <a href=\"https:\/\/policies.google.com\/terms\" target=\"_blank\">Regulations<\/a> apply.<\/p><div class=\"wpcf7-response-output\" aria-hidden=\"true\"><\/div>\n<\/form>\n<\/div>\n    <\/div>\n  <\/div>\n<\/div>\n\n\n<\/div><\/div>\n\n\n\n<p><\/p>\n","protected":false},"excerpt":{"rendered":"","protected":false},"author":3,"featured_media":0,"parent":0,"menu_order":0,"comment_status":"closed","ping_status":"closed","template":"","meta":{"_acf_changed":false,"inline_featured_image":false,"footnotes":""},"class_list":["post-4454","page","type-page","status-publish","hentry"],"acf":[],"yoast_head":"<!-- This site is optimized with the Yoast SEO plugin v26.4 - https:\/\/yoast.com\/wordpress\/plugins\/seo\/ -->\n<title>Contact - Commercecon<\/title>\n<meta name=\"robots\" content=\"index, follow, max-snippet:-1, max-image-preview:large, max-video-preview:-1\" \/>\n<link rel=\"canonical\" href=\"https:\/\/commercecon.pl\/en\/contact\/\" \/>\n<meta property=\"og:locale\" content=\"en_US\" \/>\n<meta property=\"og:type\" content=\"article\" \/>\n<meta property=\"og:title\" content=\"Contact - Commercecon\" \/>\n<meta property=\"og:url\" content=\"https:\/\/commercecon.pl\/en\/contact\/\" \/>\n<meta property=\"og:site_name\" content=\"Commercecon\" \/>\n<meta property=\"article:modified_time\" content=\"2026-05-05T07:30:23+00:00\" \/>\n<meta property=\"og:image\" content=\"https:\/\/commercecon.pl\/wp-content\/uploads\/2024\/11\/0730_Panasystem.jpg\" \/>\n\t<meta property=\"og:image:width\" content=\"1900\" \/>\n\t<meta property=\"og:image:height\" content=\"1266\" \/>\n\t<meta property=\"og:image:type\" content=\"image\/jpeg\" \/>\n<meta name=\"twitter:card\" content=\"summary_large_image\" \/>\n<script type=\"application\/ld+json\" class=\"yoast-schema-graph\">{\"@context\":\"https:\/\/schema.org\",\"@graph\":[{\"@type\":\"WebPage\",\"@id\":\"https:\/\/commercecon.pl\/en\/contact\/\",\"url\":\"https:\/\/commercecon.pl\/en\/contact\/\",\"name\":\"Contact - Commercecon\",\"isPartOf\":{\"@id\":\"https:\/\/commercecon.pl\/en\/#website\"},\"datePublished\":\"2021-06-10T12:52:25+00:00\",\"dateModified\":\"2026-05-05T07:30:23+00:00\",\"breadcrumb\":{\"@id\":\"https:\/\/commercecon.pl\/en\/contact\/#breadcrumb\"},\"inLanguage\":\"en-US\",\"potentialAction\":[{\"@type\":\"ReadAction\",\"target\":[\"https:\/\/commercecon.pl\/en\/contact\/\"]}]},{\"@type\":\"BreadcrumbList\",\"@id\":\"https:\/\/commercecon.pl\/en\/contact\/#breadcrumb\",\"itemListElement\":[{\"@type\":\"ListItem\",\"position\":1,\"name\":\"Main\",\"item\":\"https:\/\/commercecon.pl\/en\/\"},{\"@type\":\"ListItem\",\"position\":2,\"name\":\"Contact\"}]},{\"@type\":\"WebSite\",\"@id\":\"https:\/\/commercecon.pl\/en\/#website\",\"url\":\"https:\/\/commercecon.pl\/en\/\",\"name\":\"Commercecon\",\"description\":\"\",\"potentialAction\":[{\"@type\":\"SearchAction\",\"target\":{\"@type\":\"EntryPoint\",\"urlTemplate\":\"https:\/\/commercecon.pl\/en\/?s={search_term_string}\"},\"query-input\":{\"@type\":\"PropertyValueSpecification\",\"valueRequired\":true,\"valueName\":\"search_term_string\"}}],\"inLanguage\":\"en-US\"}]}<\/script>\n<!-- \/ Yoast SEO plugin. -->","yoast_head_json":{"title":"Contact - Commercecon","robots":{"index":"index","follow":"follow","max-snippet":"max-snippet:-1","max-image-preview":"max-image-preview:large","max-video-preview":"max-video-preview:-1"},"canonical":"https:\/\/commercecon.pl\/en\/contact\/","og_locale":"en_US","og_type":"article","og_title":"Contact - Commercecon","og_url":"https:\/\/commercecon.pl\/en\/contact\/","og_site_name":"Commercecon","article_modified_time":"2026-05-05T07:30:23+00:00","og_image":[{"width":1900,"height":1266,"url":"https:\/\/commercecon.pl\/wp-content\/uploads\/2024\/11\/0730_Panasystem.jpg","type":"image\/jpeg"}],"twitter_card":"summary_large_image","schema":{"@context":"https:\/\/schema.org","@graph":[{"@type":"WebPage","@id":"https:\/\/commercecon.pl\/en\/contact\/","url":"https:\/\/commercecon.pl\/en\/contact\/","name":"Contact - Commercecon","isPartOf":{"@id":"https:\/\/commercecon.pl\/en\/#website"},"datePublished":"2021-06-10T12:52:25+00:00","dateModified":"2026-05-05T07:30:23+00:00","breadcrumb":{"@id":"https:\/\/commercecon.pl\/en\/contact\/#breadcrumb"},"inLanguage":"en-US","potentialAction":[{"@type":"ReadAction","target":["https:\/\/commercecon.pl\/en\/contact\/"]}]},{"@type":"BreadcrumbList","@id":"https:\/\/commercecon.pl\/en\/contact\/#breadcrumb","itemListElement":[{"@type":"ListItem","position":1,"name":"Main","item":"https:\/\/commercecon.pl\/en\/"},{"@type":"ListItem","position":2,"name":"Contact"}]},{"@type":"WebSite","@id":"https:\/\/commercecon.pl\/en\/#website","url":"https:\/\/commercecon.pl\/en\/","name":"Commercecon","description":"","potentialAction":[{"@type":"SearchAction","target":{"@type":"EntryPoint","urlTemplate":"https:\/\/commercecon.pl\/en\/?s={search_term_string}"},"query-input":{"@type":"PropertyValueSpecification","valueRequired":true,"valueName":"search_term_string"}}],"inLanguage":"en-US"}]}},"_links":{"self":[{"href":"https:\/\/commercecon.pl\/en\/wp-json\/wp\/v2\/pages\/4454","targetHints":{"allow":["GET"]}}],"collection":[{"href":"https:\/\/commercecon.pl\/en\/wp-json\/wp\/v2\/pages"}],"about":[{"href":"https:\/\/commercecon.pl\/en\/wp-json\/wp\/v2\/types\/page"}],"author":[{"embeddable":true,"href":"https:\/\/commercecon.pl\/en\/wp-json\/wp\/v2\/users\/3"}],"replies":[{"embeddable":true,"href":"https:\/\/commercecon.pl\/en\/wp-json\/wp\/v2\/comments?post=4454"}],"version-history":[{"count":26,"href":"https:\/\/commercecon.pl\/en\/wp-json\/wp\/v2\/pages\/4454\/revisions"}],"predecessor-version":[{"id":10546,"href":"https:\/\/commercecon.pl\/en\/wp-json\/wp\/v2\/pages\/4454\/revisions\/10546"}],"wp:attachment":[{"href":"https:\/\/commercecon.pl\/en\/wp-json\/wp\/v2\/media?parent=4454"}],"curies":[{"name":"wp","href":"https:\/\/api.w.org\/{rel}","templated":true}]}}