{"id":4652,"date":"2021-08-19T10:46:34","date_gmt":"2021-08-19T08:46:34","guid":{"rendered":"https:\/\/commercecon.pl\/?page_id=4652"},"modified":"2022-03-14T01:29:16","modified_gmt":"2022-03-14T00:29:16","slug":"eu-projects","status":"publish","type":"page","link":"https:\/\/commercecon.pl\/en\/eu-projects\/","title":{"rendered":"EU projects"},"content":{"rendered":"\n<div class=\"wp-block-group is-style-container\"><div class=\"wp-block-group__inner-container is-layout-flow wp-block-group-is-layout-flow\">\n<style>\n    @media (max-width:1023px) {\n        .spacer-block_611e198f0db65 {\n            height: 10px;\n        }\n    }\n    @media (min-width:1024px) {\n        .spacer-block_611e198f0db65 {\n            height: 60px;\n        }\n    }\n<\/style>\n<div class=\"spacer spacer-block_611e198f0db65\"><\/div>\n\n\n\n<figure class=\"wp-block-image size-large\"><img loading=\"lazy\" decoding=\"async\" width=\"1024\" height=\"149\" src=\"https:\/\/commercecon.pl\/wp-content\/uploads\/2021\/08\/big_cop-1024x149.png\" alt=\"\" class=\"wp-image-3972\" srcset=\"https:\/\/commercecon.pl\/wp-content\/uploads\/2021\/08\/big_cop-1024x149.png 1024w, https:\/\/commercecon.pl\/wp-content\/uploads\/2021\/08\/big_cop-300x44.png 300w, https:\/\/commercecon.pl\/wp-content\/uploads\/2021\/08\/big_cop-768x112.png 768w, https:\/\/commercecon.pl\/wp-content\/uploads\/2021\/08\/big_cop.png 1140w\" sizes=\"auto, (max-width: 1024px) 100vw, 1024px\" \/><\/figure>\n\n\n\n<style>\n    @media (max-width:1023px) {\n        .spacer-block_611e1aa9364a7 {\n            height: 10px;\n        }\n    }\n    @media (min-width:1024px) {\n        .spacer-block_611e1aa9364a7 {\n            height: 60px;\n        }\n    }\n<\/style>\n<div class=\"spacer spacer-block_611e1aa9364a7\"><\/div>\n\n\n\n<div class=\"wp-block-columns is-layout-flex wp-container-core-columns-is-layout-9d6595d7 wp-block-columns-is-layout-flex\">\n<div class=\"wp-block-column is-layout-flow wp-block-column-is-layout-flow\">\n<p>1. Implementing an innovative method for a building or engineering structure wall construction with enhanced thermal insulation performance and simplifying the assembly of modules.<\/p>\n<\/div>\n\n\n\n<div class=\"wp-block-column is-layout-flow wp-block-column-is-layout-flow\" style=\"flex-basis:25%\">\n<style>\n    @media (max-width:1023px) {\n        .spacer-block_611e1bb432abb {\n            height: 20px;\n        }\n    }\n    @media (min-width:1024px) {\n        .spacer-block_611e1bb432abb {\n            height: 20px;\n        }\n    }\n<\/style>\n<div class=\"spacer spacer-block_611e1bb432abb\"><\/div>\n<\/div>\n<\/div>\n\n\n\n<div class=\"wp-block-columns is-layout-flex wp-container-core-columns-is-layout-9d6595d7 wp-block-columns-is-layout-flex\">\n<div class=\"wp-block-column is-layout-flow wp-block-column-is-layout-flow\">\n<div class=\"\">\n  <a href=\"\/en\/eu-projects\/announcement-2\/\"\n     class=\"text-link\"\n       >Announcement<\/a>\n<\/div>\n<\/div>\n\n\n\n<div class=\"wp-block-column is-layout-flow wp-block-column-is-layout-flow\">\n<div class=\"\">\n  <a href=\"\/en\/eu-projects\/tender-procedure-outcome\/\"\n     class=\"text-link\"\n       >Tender results<\/a>\n<\/div>\n<\/div>\n\n\n\n<div class=\"wp-block-column is-layout-flow wp-block-column-is-layout-flow\"><\/div>\n<\/div>\n\n\n\n<style>\n    @media (max-width:1023px) {\n        .spacer-block_611e1c6532ac1 {\n            height: 20px;\n        }\n    }\n    @media (min-width:1024px) {\n        .spacer-block_611e1c6532ac1 {\n            height: 50px;\n        }\n    }\n<\/style>\n<div class=\"spacer spacer-block_611e1c6532ac1\"><\/div>\n\n\n\n<div class=\"wp-block-columns is-layout-flex wp-container-core-columns-is-layout-9d6595d7 wp-block-columns-is-layout-flex\">\n<div class=\"wp-block-column is-layout-flow wp-block-column-is-layout-flow\">\n<p>2. Implementation of an Export Development Plan by Commercecon Sp\u00f3\u0142ka z ograniczon\u0105 odpowiedzialno\u015bci\u0105 Sp. K.<\/p>\n<\/div>\n\n\n\n<div class=\"wp-block-column is-layout-flow wp-block-column-is-layout-flow\" style=\"flex-basis:25%\"><\/div>\n<\/div>\n\n\n\n<div class=\"wp-block-columns is-layout-flex wp-container-core-columns-is-layout-9d6595d7 wp-block-columns-is-layout-flex\">\n<div class=\"wp-block-column is-layout-flow wp-block-column-is-layout-flow\">\n<div class=\"\">\n  <a href=\"\/en\/eu-projects\/announcement\/\"\n     class=\"text-link\"\n       >Announcement<\/a>\n<\/div>\n<\/div>\n\n\n\n<div class=\"wp-block-column is-layout-flow wp-block-column-is-layout-flow\">\n<div class=\"\">\n  <a href=\"\/en\/eu-projects\/realizacja\/\"\n     class=\"text-link\"\n       >Implementation<\/a>\n<\/div>\n<\/div>\n\n\n\n<div class=\"wp-block-column is-layout-flow wp-block-column-is-layout-flow\"><\/div>\n<\/div>\n\n\n\n<style>\n    @media (max-width:1023px) {\n        .spacer-block_612f7c64580f7 {\n            height: 20px;\n        }\n    }\n    @media (min-width:1024px) {\n        .spacer-block_612f7c64580f7 {\n            height: 100px;\n        }\n    }\n<\/style>\n<div class=\"spacer spacer-block_612f7c64580f7\"><\/div>\n<\/div><\/div>\n","protected":false},"excerpt":{"rendered":"<p>1. Implementing an innovative method for a building or engineering structure wall construction with enhanced thermal insulation performance and simplifying the assembly of modules. 2. Implementation of an Export Development Plan by Commercecon Sp\u00f3\u0142ka z ograniczon\u0105 odpowiedzialno\u015bci\u0105 Sp. K.<\/p>\n","protected":false},"author":3,"featured_media":0,"parent":0,"menu_order":0,"comment_status":"closed","ping_status":"closed","template":"","meta":{"_acf_changed":false,"inline_featured_image":false,"footnotes":""},"class_list":["post-4652","page","type-page","status-publish","hentry"],"acf":[],"yoast_head":"<!-- This site is optimized with the Yoast SEO plugin v26.4 - https:\/\/yoast.com\/wordpress\/plugins\/seo\/ -->\n<title>EU projects - Commercecon<\/title>\n<meta name=\"robots\" content=\"index, follow, max-snippet:-1, max-image-preview:large, max-video-preview:-1\" \/>\n<link rel=\"canonical\" href=\"https:\/\/commercecon.pl\/en\/eu-projects\/\" \/>\n<meta property=\"og:locale\" content=\"en_US\" \/>\n<meta property=\"og:type\" content=\"article\" \/>\n<meta property=\"og:title\" content=\"EU projects - Commercecon\" \/>\n<meta property=\"og:description\" content=\"1. Implementing an innovative method for a building or engineering structure wall construction with enhanced thermal insulation performance and simplifying the assembly of modules. 2. Implementation of an Export Development Plan by Commercecon Sp\u00f3\u0142ka z ograniczon\u0105 odpowiedzialno\u015bci\u0105 Sp. K.\" \/>\n<meta property=\"og:url\" content=\"https:\/\/commercecon.pl\/en\/eu-projects\/\" \/>\n<meta property=\"og:site_name\" content=\"Commercecon\" \/>\n<meta property=\"article:modified_time\" content=\"2022-03-14T00:29:16+00:00\" \/>\n<meta property=\"og:image\" content=\"https:\/\/commercecon.pl\/wp-content\/uploads\/2021\/08\/big_cop-1024x149.png\" \/>\n<meta name=\"twitter:card\" content=\"summary_large_image\" \/>\n<meta name=\"twitter:label1\" content=\"Est. reading time\" \/>\n\t<meta name=\"twitter:data1\" content=\"1 minute\" \/>\n<script type=\"application\/ld+json\" class=\"yoast-schema-graph\">{\"@context\":\"https:\/\/schema.org\",\"@graph\":[{\"@type\":\"WebPage\",\"@id\":\"https:\/\/commercecon.pl\/en\/eu-projects\/\",\"url\":\"https:\/\/commercecon.pl\/en\/eu-projects\/\",\"name\":\"EU projects - Commercecon\",\"isPartOf\":{\"@id\":\"https:\/\/commercecon.pl\/en\/#website\"},\"primaryImageOfPage\":{\"@id\":\"https:\/\/commercecon.pl\/en\/eu-projects\/#primaryimage\"},\"image\":{\"@id\":\"https:\/\/commercecon.pl\/en\/eu-projects\/#primaryimage\"},\"thumbnailUrl\":\"https:\/\/commercecon.pl\/wp-content\/uploads\/2021\/08\/big_cop-1024x149.png\",\"datePublished\":\"2021-08-19T08:46:34+00:00\",\"dateModified\":\"2022-03-14T00:29:16+00:00\",\"breadcrumb\":{\"@id\":\"https:\/\/commercecon.pl\/en\/eu-projects\/#breadcrumb\"},\"inLanguage\":\"en-US\",\"potentialAction\":[{\"@type\":\"ReadAction\",\"target\":[\"https:\/\/commercecon.pl\/en\/eu-projects\/\"]}]},{\"@type\":\"ImageObject\",\"inLanguage\":\"en-US\",\"@id\":\"https:\/\/commercecon.pl\/en\/eu-projects\/#primaryimage\",\"url\":\"https:\/\/commercecon.pl\/wp-content\/uploads\/2021\/08\/big_cop-1024x149.png\",\"contentUrl\":\"https:\/\/commercecon.pl\/wp-content\/uploads\/2021\/08\/big_cop-1024x149.png\"},{\"@type\":\"BreadcrumbList\",\"@id\":\"https:\/\/commercecon.pl\/en\/eu-projects\/#breadcrumb\",\"itemListElement\":[{\"@type\":\"ListItem\",\"position\":1,\"name\":\"Main\",\"item\":\"https:\/\/commercecon.pl\/en\/\"},{\"@type\":\"ListItem\",\"position\":2,\"name\":\"EU projects\"}]},{\"@type\":\"WebSite\",\"@id\":\"https:\/\/commercecon.pl\/en\/#website\",\"url\":\"https:\/\/commercecon.pl\/en\/\",\"name\":\"Commercecon\",\"description\":\"\",\"potentialAction\":[{\"@type\":\"SearchAction\",\"target\":{\"@type\":\"EntryPoint\",\"urlTemplate\":\"https:\/\/commercecon.pl\/en\/?s={search_term_string}\"},\"query-input\":{\"@type\":\"PropertyValueSpecification\",\"valueRequired\":true,\"valueName\":\"search_term_string\"}}],\"inLanguage\":\"en-US\"}]}<\/script>\n<!-- \/ Yoast SEO plugin. -->","yoast_head_json":{"title":"EU projects - Commercecon","robots":{"index":"index","follow":"follow","max-snippet":"max-snippet:-1","max-image-preview":"max-image-preview:large","max-video-preview":"max-video-preview:-1"},"canonical":"https:\/\/commercecon.pl\/en\/eu-projects\/","og_locale":"en_US","og_type":"article","og_title":"EU projects - Commercecon","og_description":"1. Implementing an innovative method for a building or engineering structure wall construction with enhanced thermal insulation performance and simplifying the assembly of modules. 2. Implementation of an Export Development Plan by Commercecon Sp\u00f3\u0142ka z ograniczon\u0105 odpowiedzialno\u015bci\u0105 Sp. K.","og_url":"https:\/\/commercecon.pl\/en\/eu-projects\/","og_site_name":"Commercecon","article_modified_time":"2022-03-14T00:29:16+00:00","og_image":[{"url":"https:\/\/commercecon.pl\/wp-content\/uploads\/2021\/08\/big_cop-1024x149.png","type":"","width":"","height":""}],"twitter_card":"summary_large_image","twitter_misc":{"Est. reading time":"1 minute"},"schema":{"@context":"https:\/\/schema.org","@graph":[{"@type":"WebPage","@id":"https:\/\/commercecon.pl\/en\/eu-projects\/","url":"https:\/\/commercecon.pl\/en\/eu-projects\/","name":"EU projects - Commercecon","isPartOf":{"@id":"https:\/\/commercecon.pl\/en\/#website"},"primaryImageOfPage":{"@id":"https:\/\/commercecon.pl\/en\/eu-projects\/#primaryimage"},"image":{"@id":"https:\/\/commercecon.pl\/en\/eu-projects\/#primaryimage"},"thumbnailUrl":"https:\/\/commercecon.pl\/wp-content\/uploads\/2021\/08\/big_cop-1024x149.png","datePublished":"2021-08-19T08:46:34+00:00","dateModified":"2022-03-14T00:29:16+00:00","breadcrumb":{"@id":"https:\/\/commercecon.pl\/en\/eu-projects\/#breadcrumb"},"inLanguage":"en-US","potentialAction":[{"@type":"ReadAction","target":["https:\/\/commercecon.pl\/en\/eu-projects\/"]}]},{"@type":"ImageObject","inLanguage":"en-US","@id":"https:\/\/commercecon.pl\/en\/eu-projects\/#primaryimage","url":"https:\/\/commercecon.pl\/wp-content\/uploads\/2021\/08\/big_cop-1024x149.png","contentUrl":"https:\/\/commercecon.pl\/wp-content\/uploads\/2021\/08\/big_cop-1024x149.png"},{"@type":"BreadcrumbList","@id":"https:\/\/commercecon.pl\/en\/eu-projects\/#breadcrumb","itemListElement":[{"@type":"ListItem","position":1,"name":"Main","item":"https:\/\/commercecon.pl\/en\/"},{"@type":"ListItem","position":2,"name":"EU projects"}]},{"@type":"WebSite","@id":"https:\/\/commercecon.pl\/en\/#website","url":"https:\/\/commercecon.pl\/en\/","name":"Commercecon","description":"","potentialAction":[{"@type":"SearchAction","target":{"@type":"EntryPoint","urlTemplate":"https:\/\/commercecon.pl\/en\/?s={search_term_string}"},"query-input":{"@type":"PropertyValueSpecification","valueRequired":true,"valueName":"search_term_string"}}],"inLanguage":"en-US"}]}},"_links":{"self":[{"href":"https:\/\/commercecon.pl\/en\/wp-json\/wp\/v2\/pages\/4652","targetHints":{"allow":["GET"]}}],"collection":[{"href":"https:\/\/commercecon.pl\/en\/wp-json\/wp\/v2\/pages"}],"about":[{"href":"https:\/\/commercecon.pl\/en\/wp-json\/wp\/v2\/types\/page"}],"author":[{"embeddable":true,"href":"https:\/\/commercecon.pl\/en\/wp-json\/wp\/v2\/users\/3"}],"replies":[{"embeddable":true,"href":"https:\/\/commercecon.pl\/en\/wp-json\/wp\/v2\/comments?post=4652"}],"version-history":[{"count":10,"href":"https:\/\/commercecon.pl\/en\/wp-json\/wp\/v2\/pages\/4652\/revisions"}],"predecessor-version":[{"id":6480,"href":"https:\/\/commercecon.pl\/en\/wp-json\/wp\/v2\/pages\/4652\/revisions\/6480"}],"wp:attachment":[{"href":"https:\/\/commercecon.pl\/en\/wp-json\/wp\/v2\/media?parent=4652"}],"curies":[{"name":"wp","href":"https:\/\/api.w.org\/{rel}","templated":true}]}}