{"id":4663,"date":"2021-08-19T23:45:35","date_gmt":"2021-08-19T21:45:35","guid":{"rendered":"https:\/\/commercecon.pl\/?page_id=4663"},"modified":"2022-03-14T01:30:01","modified_gmt":"2022-03-14T00:30:01","slug":"realizacja","status":"publish","type":"page","link":"https:\/\/commercecon.pl\/en\/eu-projects\/realizacja\/","title":{"rendered":"Implementation"},"content":{"rendered":"\n<div class=\"wp-block-group is-style-container\"><div class=\"wp-block-group__inner-container is-layout-flow wp-block-group-is-layout-flow\">\n<style>\n    @media (max-width:1023px) {\n        .spacer-block_611e1ed5febc7 {\n            height: 20px;\n        }\n    }\n    @media (min-width:1024px) {\n        .spacer-block_611e1ed5febc7 {\n            height: 50px;\n        }\n    }\n<\/style>\n<div class=\"spacer spacer-block_611e1ed5febc7\"><\/div>\n\n\n\n<h2 class=\"wp-block-heading\">Implementation of an Export Development Plan by Commercecon Sp\u00f3\u0142ka z ograniczon\u0105 odpowiedzialno\u015bci\u0105 Sp. K.<\/h2>\n\n\n\n<style>\n    @media (max-width:1023px) {\n        .spacer-block_611e1ee5febc8 {\n            height: 10px;\n        }\n    }\n    @media (min-width:1024px) {\n        .spacer-block_611e1ee5febc8 {\n            height: 40px;\n        }\n    }\n<\/style>\n<div class=\"spacer spacer-block_611e1ee5febc8\"><\/div>\n\n\n\n<figure class=\"wp-block-image size-large\"><img loading=\"lazy\" decoding=\"async\" width=\"1024\" height=\"149\" src=\"https:\/\/commercecon.pl\/wp-content\/uploads\/2021\/08\/big_realizacja-1024x149.png\" alt=\"\" class=\"wp-image-4043\" srcset=\"https:\/\/commercecon.pl\/wp-content\/uploads\/2021\/08\/big_realizacja-1024x149.png 1024w, https:\/\/commercecon.pl\/wp-content\/uploads\/2021\/08\/big_realizacja-300x44.png 300w, https:\/\/commercecon.pl\/wp-content\/uploads\/2021\/08\/big_realizacja-768x112.png 768w, https:\/\/commercecon.pl\/wp-content\/uploads\/2021\/08\/big_realizacja.png 1140w\" sizes=\"auto, (max-width: 1024px) 100vw, 1024px\" \/><\/figure>\n\n\n\n<p class=\"has-text-align-center\">\u00a0<strong>SUBSIDIES FOR INNOVATIONS<br>INVESTING IN YOUR FUTURE<\/strong><\/p>\n\n\n\n<style>\n    @media (max-width:1023px) {\n        .spacer-block_611e1d23febbd {\n            height: 10px;\n        }\n    }\n    @media (min-width:1024px) {\n        .spacer-block_611e1d23febbd {\n            height: 40px;\n        }\n    }\n<\/style>\n<div class=\"spacer spacer-block_611e1d23febbd\"><\/div>\n\n\n\n<p class=\"has-text-align-center\"><strong>COMMERCECON Sp. z o.o. Sp. K.<br><\/strong>is implementing the project:<\/p>\n\n\n\n<p class=\"has-text-align-center\"><strong><em>\u201cImplementation of the Export Development Plan by Commercecon\u201d<\/em><\/strong><\/p>\n\n\n\n<p class=\"has-text-align-center\">as part of the Operational Programme: Innovative Economy, Measure 6.1<\/p>\n\n\n\n<p>The purpose of the project is the implementation of an Export Development Plan by Commercecon, which will provide an opportunity to intensify export sales of 1 service in the form of design and assembly of industrial facilities, including steel halls, on the Belarusian, Finnish and Swedish markets. The project will be implemented in the period 01\/04\/2014 \u2013 31\/12\/2015. For more information on the project being implemented, contact Rafa\u0142 Ostrowski at r.ostrowski@commercecon.pl<\/p>\n\n\n\n<p><strong><br><br>For more information on EU subsidies, see:<\/strong><\/p>\n\n\n\n<p><a href=\"http:\/\/www.poig.gov.pl\/\">http:\/\/europa.eu\/index_pl.htm<\/a><\/p>\n\n\n\n<p><a href=\"http:\/\/www.poig.gov.pl\/\">http:\/\/www.poig.gov.pl\/<\/a><a href=\"http:\/\/www.mswia.gov.pl\/\"><\/a><\/p>\n\n\n\n<p><a href=\"http:\/\/www.mswia.gov.pl\/\">http:\/\/www.mrr.gov.pl\/<\/a><\/p>\n\n\n\n<p><a href=\"http:\/\/www.mswia.gov.pl\/\">http:\/\/www.mswia.gov.pl\/<\/a><\/p>\n\n\n\n<p><a href=\"http:\/\/www.parp.gov.pl\/index\/main\/\">http:\/\/www.parp.gov.pl\/index\/main\/<\/a><\/p>\n\n\n\n<p><\/p>\n\n\n\n<p><\/p>\n\n\n\n<p class=\"has-text-align-center\"><strong>PROJECT CO-FINANCED BY THE EUROPEAN UNION FROM THE EUROPEAN REGIONAL DEVELOPMENT FUND AND THE STATE BUDGET<\/strong><\/p>\n<\/div><\/div>\n\n\n\n<style>\n    @media (max-width:1023px) {\n        .spacer-block_611e1e88febc2 {\n            height: 10px;\n        }\n    }\n    @media (min-width:1024px) {\n        .spacer-block_611e1e88febc2 {\n            height: 30px;\n        }\n    }\n<\/style>\n<div class=\"spacer spacer-block_611e1e88febc2\"><\/div>\n\n\n\n<div class=\"wp-block-group is-style-container\"><div class=\"wp-block-group__inner-container is-layout-flow wp-block-group-is-layout-flow\"><\/div><\/div>\n","protected":false},"excerpt":{"rendered":"<p>Implementation of an Export Development Plan by Commercecon Sp\u00f3\u0142ka z ograniczon\u0105 odpowiedzialno\u015bci\u0105 Sp. K. \u00a0SUBSIDIES FOR INNOVATIONSINVESTING IN YOUR FUTURE COMMERCECON Sp. z o.o. Sp. K.is implementing the project: \u201cImplementation of the Export Development Plan by Commercecon\u201d as part of the Operational Programme: Innovative Economy, Measure 6.1 The purpose of the project is the implementation [&hellip;]<\/p>\n","protected":false},"author":3,"featured_media":0,"parent":4652,"menu_order":0,"comment_status":"closed","ping_status":"closed","template":"","meta":{"_acf_changed":false,"inline_featured_image":false,"footnotes":""},"class_list":["post-4663","page","type-page","status-publish","hentry"],"acf":[],"yoast_head":"<!-- This site is optimized with the Yoast SEO plugin v26.4 - https:\/\/yoast.com\/wordpress\/plugins\/seo\/ -->\n<title>Implementation - Commercecon<\/title>\n<meta name=\"robots\" content=\"index, follow, max-snippet:-1, max-image-preview:large, max-video-preview:-1\" \/>\n<link rel=\"canonical\" href=\"https:\/\/commercecon.pl\/en\/eu-projects\/realizacja\/\" \/>\n<meta property=\"og:locale\" content=\"en_US\" \/>\n<meta property=\"og:type\" content=\"article\" \/>\n<meta property=\"og:title\" content=\"Implementation - Commercecon\" \/>\n<meta property=\"og:description\" content=\"Implementation of an Export Development Plan by Commercecon Sp\u00f3\u0142ka z ograniczon\u0105 odpowiedzialno\u015bci\u0105 Sp. K. \u00a0SUBSIDIES FOR INNOVATIONSINVESTING IN YOUR FUTURE COMMERCECON Sp. z o.o. Sp. K.is implementing the project: \u201cImplementation of the Export Development Plan by Commercecon\u201d as part of the Operational Programme: Innovative Economy, Measure 6.1 The purpose of the project is the implementation [&hellip;]\" \/>\n<meta property=\"og:url\" content=\"https:\/\/commercecon.pl\/en\/eu-projects\/realizacja\/\" \/>\n<meta property=\"og:site_name\" content=\"Commercecon\" \/>\n<meta property=\"article:modified_time\" content=\"2022-03-14T00:30:01+00:00\" \/>\n<meta property=\"og:image\" content=\"https:\/\/commercecon.pl\/wp-content\/uploads\/2021\/08\/big_realizacja-1024x149.png\" \/>\n<meta name=\"twitter:card\" content=\"summary_large_image\" \/>\n<meta name=\"twitter:label1\" content=\"Est. reading time\" \/>\n\t<meta name=\"twitter:data1\" content=\"1 minute\" \/>\n<script type=\"application\/ld+json\" class=\"yoast-schema-graph\">{\"@context\":\"https:\/\/schema.org\",\"@graph\":[{\"@type\":\"WebPage\",\"@id\":\"https:\/\/commercecon.pl\/en\/eu-projects\/realizacja\/\",\"url\":\"https:\/\/commercecon.pl\/en\/eu-projects\/realizacja\/\",\"name\":\"Implementation - Commercecon\",\"isPartOf\":{\"@id\":\"https:\/\/commercecon.pl\/en\/#website\"},\"primaryImageOfPage\":{\"@id\":\"https:\/\/commercecon.pl\/en\/eu-projects\/realizacja\/#primaryimage\"},\"image\":{\"@id\":\"https:\/\/commercecon.pl\/en\/eu-projects\/realizacja\/#primaryimage\"},\"thumbnailUrl\":\"https:\/\/commercecon.pl\/wp-content\/uploads\/2021\/08\/big_realizacja-1024x149.png\",\"datePublished\":\"2021-08-19T21:45:35+00:00\",\"dateModified\":\"2022-03-14T00:30:01+00:00\",\"breadcrumb\":{\"@id\":\"https:\/\/commercecon.pl\/en\/eu-projects\/realizacja\/#breadcrumb\"},\"inLanguage\":\"en-US\",\"potentialAction\":[{\"@type\":\"ReadAction\",\"target\":[\"https:\/\/commercecon.pl\/en\/eu-projects\/realizacja\/\"]}]},{\"@type\":\"ImageObject\",\"inLanguage\":\"en-US\",\"@id\":\"https:\/\/commercecon.pl\/en\/eu-projects\/realizacja\/#primaryimage\",\"url\":\"https:\/\/commercecon.pl\/wp-content\/uploads\/2021\/08\/big_realizacja-1024x149.png\",\"contentUrl\":\"https:\/\/commercecon.pl\/wp-content\/uploads\/2021\/08\/big_realizacja-1024x149.png\"},{\"@type\":\"BreadcrumbList\",\"@id\":\"https:\/\/commercecon.pl\/en\/eu-projects\/realizacja\/#breadcrumb\",\"itemListElement\":[{\"@type\":\"ListItem\",\"position\":1,\"name\":\"Main\",\"item\":\"https:\/\/commercecon.pl\/en\/\"},{\"@type\":\"ListItem\",\"position\":2,\"name\":\"EU projects\",\"item\":\"https:\/\/commercecon.pl\/en\/eu-projects\/\"},{\"@type\":\"ListItem\",\"position\":3,\"name\":\"Implementation\"}]},{\"@type\":\"WebSite\",\"@id\":\"https:\/\/commercecon.pl\/en\/#website\",\"url\":\"https:\/\/commercecon.pl\/en\/\",\"name\":\"Commercecon\",\"description\":\"\",\"potentialAction\":[{\"@type\":\"SearchAction\",\"target\":{\"@type\":\"EntryPoint\",\"urlTemplate\":\"https:\/\/commercecon.pl\/en\/?s={search_term_string}\"},\"query-input\":{\"@type\":\"PropertyValueSpecification\",\"valueRequired\":true,\"valueName\":\"search_term_string\"}}],\"inLanguage\":\"en-US\"}]}<\/script>\n<!-- \/ Yoast SEO plugin. -->","yoast_head_json":{"title":"Implementation - Commercecon","robots":{"index":"index","follow":"follow","max-snippet":"max-snippet:-1","max-image-preview":"max-image-preview:large","max-video-preview":"max-video-preview:-1"},"canonical":"https:\/\/commercecon.pl\/en\/eu-projects\/realizacja\/","og_locale":"en_US","og_type":"article","og_title":"Implementation - Commercecon","og_description":"Implementation of an Export Development Plan by Commercecon Sp\u00f3\u0142ka z ograniczon\u0105 odpowiedzialno\u015bci\u0105 Sp. K. \u00a0SUBSIDIES FOR INNOVATIONSINVESTING IN YOUR FUTURE COMMERCECON Sp. z o.o. Sp. K.is implementing the project: \u201cImplementation of the Export Development Plan by Commercecon\u201d as part of the Operational Programme: Innovative Economy, Measure 6.1 The purpose of the project is the implementation [&hellip;]","og_url":"https:\/\/commercecon.pl\/en\/eu-projects\/realizacja\/","og_site_name":"Commercecon","article_modified_time":"2022-03-14T00:30:01+00:00","og_image":[{"url":"https:\/\/commercecon.pl\/wp-content\/uploads\/2021\/08\/big_realizacja-1024x149.png","type":"","width":"","height":""}],"twitter_card":"summary_large_image","twitter_misc":{"Est. reading time":"1 minute"},"schema":{"@context":"https:\/\/schema.org","@graph":[{"@type":"WebPage","@id":"https:\/\/commercecon.pl\/en\/eu-projects\/realizacja\/","url":"https:\/\/commercecon.pl\/en\/eu-projects\/realizacja\/","name":"Implementation - Commercecon","isPartOf":{"@id":"https:\/\/commercecon.pl\/en\/#website"},"primaryImageOfPage":{"@id":"https:\/\/commercecon.pl\/en\/eu-projects\/realizacja\/#primaryimage"},"image":{"@id":"https:\/\/commercecon.pl\/en\/eu-projects\/realizacja\/#primaryimage"},"thumbnailUrl":"https:\/\/commercecon.pl\/wp-content\/uploads\/2021\/08\/big_realizacja-1024x149.png","datePublished":"2021-08-19T21:45:35+00:00","dateModified":"2022-03-14T00:30:01+00:00","breadcrumb":{"@id":"https:\/\/commercecon.pl\/en\/eu-projects\/realizacja\/#breadcrumb"},"inLanguage":"en-US","potentialAction":[{"@type":"ReadAction","target":["https:\/\/commercecon.pl\/en\/eu-projects\/realizacja\/"]}]},{"@type":"ImageObject","inLanguage":"en-US","@id":"https:\/\/commercecon.pl\/en\/eu-projects\/realizacja\/#primaryimage","url":"https:\/\/commercecon.pl\/wp-content\/uploads\/2021\/08\/big_realizacja-1024x149.png","contentUrl":"https:\/\/commercecon.pl\/wp-content\/uploads\/2021\/08\/big_realizacja-1024x149.png"},{"@type":"BreadcrumbList","@id":"https:\/\/commercecon.pl\/en\/eu-projects\/realizacja\/#breadcrumb","itemListElement":[{"@type":"ListItem","position":1,"name":"Main","item":"https:\/\/commercecon.pl\/en\/"},{"@type":"ListItem","position":2,"name":"EU projects","item":"https:\/\/commercecon.pl\/en\/eu-projects\/"},{"@type":"ListItem","position":3,"name":"Implementation"}]},{"@type":"WebSite","@id":"https:\/\/commercecon.pl\/en\/#website","url":"https:\/\/commercecon.pl\/en\/","name":"Commercecon","description":"","potentialAction":[{"@type":"SearchAction","target":{"@type":"EntryPoint","urlTemplate":"https:\/\/commercecon.pl\/en\/?s={search_term_string}"},"query-input":{"@type":"PropertyValueSpecification","valueRequired":true,"valueName":"search_term_string"}}],"inLanguage":"en-US"}]}},"_links":{"self":[{"href":"https:\/\/commercecon.pl\/en\/wp-json\/wp\/v2\/pages\/4663","targetHints":{"allow":["GET"]}}],"collection":[{"href":"https:\/\/commercecon.pl\/en\/wp-json\/wp\/v2\/pages"}],"about":[{"href":"https:\/\/commercecon.pl\/en\/wp-json\/wp\/v2\/types\/page"}],"author":[{"embeddable":true,"href":"https:\/\/commercecon.pl\/en\/wp-json\/wp\/v2\/users\/3"}],"replies":[{"embeddable":true,"href":"https:\/\/commercecon.pl\/en\/wp-json\/wp\/v2\/comments?post=4663"}],"version-history":[{"count":3,"href":"https:\/\/commercecon.pl\/en\/wp-json\/wp\/v2\/pages\/4663\/revisions"}],"predecessor-version":[{"id":6481,"href":"https:\/\/commercecon.pl\/en\/wp-json\/wp\/v2\/pages\/4663\/revisions\/6481"}],"up":[{"embeddable":true,"href":"https:\/\/commercecon.pl\/en\/wp-json\/wp\/v2\/pages\/4652"}],"wp:attachment":[{"href":"https:\/\/commercecon.pl\/en\/wp-json\/wp\/v2\/media?parent=4663"}],"curies":[{"name":"wp","href":"https:\/\/api.w.org\/{rel}","templated":true}]}}