{"id":4670,"date":"2021-08-19T10:17:12","date_gmt":"2021-08-19T08:17:12","guid":{"rendered":"https:\/\/commercecon.pl\/?page_id=4670"},"modified":"2023-03-28T17:24:33","modified_gmt":"2023-03-28T15:24:33","slug":"privacy-and-cookies-policy","status":"publish","type":"page","link":"https:\/\/commercecon.pl\/en\/privacy-and-cookies-policy\/","title":{"rendered":"Privacy and cookies policy"},"content":{"rendered":"\n<div class=\"wp-block-group is-style-container\"><div class=\"wp-block-group__inner-container is-layout-flow wp-block-group-is-layout-flow\">\n<style>\n    @media (max-width:1023px) {\n        .spacer-block_611e13aac7d3a {\n            height: px;\n        }\n    }\n    @media (min-width:1024px) {\n        .spacer-block_611e13aac7d3a {\n            height: px;\n        }\n    }\n<\/style>\n<div class=\"spacer spacer-block_611e13aac7d3a\"><\/div>\n\n\n\n<style>\n    @media (max-width:1023px) {\n        .spacer-block_611e13bbc7d3b {\n            height: 10px;\n        }\n    }\n    @media (min-width:1024px) {\n        .spacer-block_611e13bbc7d3b {\n            height: 50px;\n        }\n    }\n<\/style>\n<div class=\"spacer spacer-block_611e13bbc7d3b\"><\/div>\n\n\n\n<p>Pursuant to Article 13 of the General Data Protection Regulation of 27 April 2016 (OJ L 119, 04\/05\/2016) and the Personal Data Protection Act of 10 May 2018, please be informed that:<\/p>\n\n\n\n<ol class=\"wp-block-list\" type=\"1\"><li>The Controller of your personal data is Commercecon sp\u00f3\u0142ka z ograniczon\u0105 odpowiedzialno\u015bci\u0105 Sp. K., having its registered office in Konstantyn\u00f3w \u0141\u00f3dzki 95-050, ul. Inwestycyjna 5.<\/li><li>Commercecon sp\u00f3\u0142ka z ograniczon\u0105 odpowiedzialno\u015bci\u0105 Sp. K has appointed the Data Protection Officer to ensure adequate protection of your personal data. To contact the Data Protection Officer, send an e-mail to iod@commercecon.pl (Marcin Polit, phone: 533641700).<\/li><li>Your personal data may be processed for the following purposes:<br>\u2013 preparing, sending and discussing a business offer;<br>\u2013 contact for the purpose of offering products and services by Commercecon sp\u00f3\u0142ka z ograniczon\u0105 odpowiedzialno\u015bci\u0105 Sp. K;<br>\u2013 newsletter subscription;<br>\u2013 promotional campaigns (contests, surveys).<\/li><li>Your personal data will be disclosed only to parties authorised by law and to other parties only for administrative and IT purposes (database, website and e-mail management).<\/li><li>Your personal data will not be transferred to a third country outside of the EU or to an international organisation.<\/li><li>Your personal data will be stored until you object or until your data is corrupted, as defined by our internal regulations.<\/li><li>You have the right to:<br>\u2013 access your data<br>\u2013 rectify your data<br>\u2013 data portability<br>\u2013 erase or restrict the processing of your data, if the data is processed based on your consent<br>\u2013 lodge a complaint or grievance if you are not happy with the way we use your data (send an e-mail to iod@commercecon.pl and will do our best to help you)<br>\u2013 lodge a complaint with the supervisory authority.<\/li><li>You can withdraw your consent at any time by contacting us at <a href=\"mailto:iod@commercecon.pl\" target=\"_blank\" rel=\"noreferrer noopener\">iod@commercecon.pl<\/a>.<\/li><li>The provision of personal data is voluntary, but the failure to do so will make it impossible for us to respond to your query or fulfil the purposes for which we need your data, as described in section 3.<\/li><li>Your data will be subject to automated processing, including profiling. Automated decision-making will involve storing your information in our database:<br>\u2013 your data, e.g. given name, surname and position<br>\u2013 name of the company you represent<br>\u2013 contact phone number<br>\u2013 e-mail.<br>As a result of such processing, you will receive curated marketing information.<\/li><\/ol>\n\n\n\n<style>\n    @media (max-width:1023px) {\n        .spacer-block_611e13fdc7d3c {\n            height: 10px;\n        }\n    }\n    @media (min-width:1024px) {\n        .spacer-block_611e13fdc7d3c {\n            height: 30px;\n        }\n    }\n<\/style>\n<div class=\"spacer spacer-block_611e13fdc7d3c\"><\/div>\n\n\n\n<div class=\" align-center\">\n  <a href=\"\/wp-content\/uploads\/2022\/02\/wniosek-_en.pdf\"\n     class=\"text-link\"\n     target=\"_blank\" rel=\"nofollow noopener\"  >Download request<\/a>\n<\/div>\n\n\n\n<style>\n    @media (max-width:1023px) {\n        .spacer-block_611e144cc7d3e {\n            height: 10px;\n        }\n    }\n    @media (min-width:1024px) {\n        .spacer-block_611e144cc7d3e {\n            height: 30px;\n        }\n    }\n<\/style>\n<div class=\"spacer spacer-block_611e144cc7d3e\"><\/div>\n\n\n\n<p>Commercecon Sp. z o.o. Sp. K. owns the website www.commercecon.pl and does not sell or share the entered personal data with third parties.<\/p>\n\n\n\n<p>Please read our Privacy Policy before you use our website and share any data on it.<br>By using the website www.commercecon.pl, you agree to our privacy policy available on this page.<br>By submitting your data via the website www.commercecon.pl, you consent to the collection, use and disclosure of such data according to the Privacy Policy.<br>This website is not intended for children under 13. If any data concerning children is found, it will be erased as soon as it is identified. We are not responsible for information collected from users in this age group.<\/p>\n\n\n\n<p>When using www.commercecon.pl, you will remain anonymous, unless you decide otherwise or disclose your personal details on certain parts of the website.<br>While using www.commercecon.pl, you may be requested to enter your data in a form. Providing such data is required for you to be able to use certain parts of the website.<\/p>\n\n\n\n<p>By filling in a form, you consent to the processing of your personal data for purposes related to the operation of the website.<br>Certain features of the website may be unavailable if incomplete data is provided in the form. Any Internet user who enters their data has the right to access, edit, erase or alter such data by contacting Commercecon Sp. z o.o. Sp. K.<\/p>\n\n\n\n<p>Only authorised employees and individuals responsible for operating the website www.commercecon.pl have direct access to the personal data the users. The authorised persons are obliged to keep such data strictly confidential and prevent unauthorised access.<\/p>\n\n\n\n<p>Please be advised that the information collected may be disclosed to Polish or foreign judicial authorities, whose rules for personal data protection may differ from those in the country of your residence.<\/p>\n\n\n\n<p>The contents and structure of <a href=\"https:\/\/www.commercecon.pl\">www.commercecon.pl<\/a> are protected by copyright.<\/p>\n\n\n\n<p>All information posted on <a href=\"https:\/\/www.commercecon.pl\">www.commercecon.pl<\/a> is protected by copyright. Reproducing such information, translating, using texts or graphical materials or parts thereof, entering into computer memory or processing with any electronic data medium is prohibited.<\/p>\n\n\n\n<p>Copying and use, including fragments, is permitted only after prior written consent of Commercecon Sp. z o.o. Sp. K., except for private purposes.<br>The right of publication and reproduction is owned exclusively by Commercecon Sp. z o.o. Sp. K. that is not responsible for any data shared on the website and any potential loss caused by its use.<\/p>\n\n\n\n<p><strong><strong>Security<\/strong><\/strong><br>Please be advised that the website www.commercecon.pl uses appropriate measures to secure personal data shared via the website and to protect it against loss, abuse, unauthorised access, sharing, alteration or corruption.<br>However, note that no Internet communication is completely secure and error-free. In particular, e-mails sent to and from this website may not be secured.<\/p>\n\n\n\n<p><strong><strong>Links<\/strong><\/strong><br>This website contains links to other webpages. This data privacy statement does not apply to other websites. We do not have any control over the compliance with data protection laws by the administrators of other webpages.<\/p>\n\n\n\n<p><strong><strong>Statistics<\/strong><br><\/strong>Aggregate statistical compilations are prepared based on information and data obtained from users as well as on technical data related to logging onto and navigating the website. Such statistical compilations do not allow individual users to be identified.<\/p>\n\n\n\n<p><strong><strong>Trademarks<\/strong><br><\/strong>All proprietary names and logos of other companies appearing in the materials shared on <a href=\"https:\/\/www.commercecon.pl\">www.commercecon.pl<\/a> are used for identification purposes only.<\/p>\n\n\n\n<p class=\"is-style-default\"><strong><strong>Cookies Policy<\/strong><\/strong><\/p>\n\n\n\n<p>&#8220;Cookies&#8221; (files with configuration information, otherwise known as &#8220;cookies&#8221;) facilitate the use of the website www.commercecon.pl, saving the data needed to log in and collect statistics.<\/p>\n\n\n\n<p>Our website uses the following types of cookies:<\/p>\n\n\n\n<p>\u2013 essential for the operation of the pages \u2013 enabling the use of our services, e.g. authentication cookies used for services requiring authentication<\/p>\n\n\n\n<p>\u2013 improving performance \u2013 enabling the collection of information on how websites and applications are used<\/p>\n\n\n\n<p><br>\u2013 functionality-enhancing &#8211;&nbsp; enabling the User-selected settings to be saved and the User interface to be customised, e.g. language selection<\/p>\n\n\n\n<p><br>\u2013 advertising &#8211; allowing us to deliver advertising content to the Users that is better suited to their interests.<\/p>\n\n\n\n<p>When using cookies as described above, we never use the information stored in the cookies to identify users.<br>When using our website, you may receive cookies from our partners, such as Facebook and Google. To learn more about this type of cookies, see the webpages of the respective third party.<\/p>\n\n\n\n<p>The scope of information that can be collected by \u201ccookies\u201d depending on the website and the data provided by the user are:<\/p>\n\n\n\n<ul class=\"wp-block-list\"><li>unique advertising ID,<\/li><li>IP address,<\/li><li>location,<\/li><li>browser,<\/li><li>devices (desktop, device, mobile),<\/li><li>age and gender (if the user gave them),<\/li><li>interests (if they were made available by the user),<\/li><li>visited in the domain of the page (new or returning user, which he visited the pages, how many pages visited and how much time he spent on them),<\/li><li>Activity on the site.<\/li><\/ul>\n\n\n\n<p>You can also use our website without allowing cookies. Most browsers automatically allow cookies. At any time, you can fully or partially disable cookies, or set your browser to notify you whenever cookies are sent.<br><br>The possibilities are described on our website as below.<\/p>\n\n\n\n<p>We use cookies to help you navigate efficiently and perform certain functions. You will find detailed information about all cookies under each consent category below.<\/p>\n\n\n\n<p>The cookies that are categorized as &#8220;Necessary&#8221; are stored on your browser as they are essential for enabling the basic functionalities of the site.<\/p>\n\n\n\n<p>We also use third-party cookies that help us analyze how you use this website, store your preferences, and provide the content and advertisements that are relevant to you. These cookies will only be stored in your browser with your prior consent.<\/p>\n\n\n\n<p>You can choose to enable or disable some or all of these cookies but disabling some of them may affect your browsing experience.<\/p>\n\n\n\n<p>&#8211; <strong>Necessary<\/strong><\/p>\n\n\n\n<p>Necessary cookies are required to enable the basic features of this site, such as providing secure log-in or adjusting your consent preferences. These cookies do not store any personally identifiable data.<\/p>\n\n\n\n<p><strong>Functional<\/strong><\/p>\n\n\n\n<p>Functional cookies help perform certain functionalities like sharing the content of the website on social media platforms, collecting feedback, and other third-party features.<\/p>\n\n\n\n<p><strong>Analytics<\/strong><br>Analytical cookies are used to understand how visitors interact with the website. These cookies help provide information on metrics such as the number of visitors, bounce rate, traffic source, etc.<\/p>\n\n\n\n<p><strong>Performance<\/strong><\/p>\n\n\n\n<p>Performance cookies are used to understand and analyze the key performance indexes of the website which helps in delivering a better user experience for the visitors.<\/p>\n\n\n\n<p><strong>Advertisment<\/strong><\/p>\n\n\n\n<p>Advertisement cookies are used to provide visitors with customized advertisements based on the pages you visited previously and to analyze the effectiveness of the ad campaigns.<\/p>\n\n\n\n<p><strong>System<\/strong><\/p>\n\n\n\n<p>Uncategorized cookies that are being analyzed and have not been classified into a category as yet.<\/p>\n\n\n\n<p>Please note that disabling our cookies may adversely affect your browsing experience, including certain parts of www.commercecon.pl not displaying correctly. It will also prevent us from collecting anonymous information on the use of our website in order to constantly improve our content, products and services.<\/p>\n<\/div><\/div>\n","protected":false},"excerpt":{"rendered":"<p>Pursuant to Article 13 of the General Data Protection Regulation of 27 April 2016 (OJ L 119, 04\/05\/2016) and the Personal Data Protection Act of 10 May 2018, please be informed that: The Controller of your personal data is Commercecon sp\u00f3\u0142ka z ograniczon\u0105 odpowiedzialno\u015bci\u0105 Sp. K., having its registered office in Konstantyn\u00f3w \u0141\u00f3dzki 95-050, ul. [&hellip;]<\/p>\n","protected":false},"author":3,"featured_media":0,"parent":0,"menu_order":0,"comment_status":"closed","ping_status":"closed","template":"","meta":{"_acf_changed":false,"inline_featured_image":false,"footnotes":""},"class_list":["post-4670","page","type-page","status-publish","hentry"],"acf":[],"yoast_head":"<!-- This site is optimized with the Yoast SEO plugin v26.4 - https:\/\/yoast.com\/wordpress\/plugins\/seo\/ -->\n<title>Privacy and cookies policy - Commercecon<\/title>\n<meta name=\"robots\" content=\"noindex, nofollow\" \/>\n<meta property=\"og:locale\" content=\"en_US\" \/>\n<meta property=\"og:type\" content=\"article\" \/>\n<meta property=\"og:title\" content=\"Privacy and cookies policy - Commercecon\" \/>\n<meta property=\"og:description\" content=\"Pursuant to Article 13 of the General Data Protection Regulation of 27 April 2016 (OJ L 119, 04\/05\/2016) and the Personal Data Protection Act of 10 May 2018, please be informed that: The Controller of your personal data is Commercecon sp\u00f3\u0142ka z ograniczon\u0105 odpowiedzialno\u015bci\u0105 Sp. K., having its registered office in Konstantyn\u00f3w \u0141\u00f3dzki 95-050, ul. [&hellip;]\" \/>\n<meta property=\"og:url\" content=\"https:\/\/commercecon.pl\/en\/privacy-and-cookies-policy\/\" \/>\n<meta property=\"og:site_name\" content=\"Commercecon\" \/>\n<meta property=\"article:modified_time\" content=\"2023-03-28T15:24:33+00:00\" \/>\n<meta property=\"og:image\" content=\"https:\/\/commercecon.pl\/wp-content\/uploads\/2024\/11\/0730_Panasystem.jpg\" \/>\n\t<meta property=\"og:image:width\" content=\"1900\" \/>\n\t<meta property=\"og:image:height\" content=\"1266\" \/>\n\t<meta property=\"og:image:type\" content=\"image\/jpeg\" \/>\n<meta name=\"twitter:card\" content=\"summary_large_image\" \/>\n<meta name=\"twitter:label1\" content=\"Est. reading time\" \/>\n\t<meta name=\"twitter:data1\" content=\"7 minutes\" \/>\n<script type=\"application\/ld+json\" class=\"yoast-schema-graph\">{\"@context\":\"https:\/\/schema.org\",\"@graph\":[{\"@type\":\"WebPage\",\"@id\":\"https:\/\/commercecon.pl\/en\/privacy-and-cookies-policy\/\",\"url\":\"https:\/\/commercecon.pl\/en\/privacy-and-cookies-policy\/\",\"name\":\"Privacy and cookies policy - Commercecon\",\"isPartOf\":{\"@id\":\"https:\/\/commercecon.pl\/en\/#website\"},\"datePublished\":\"2021-08-19T08:17:12+00:00\",\"dateModified\":\"2023-03-28T15:24:33+00:00\",\"breadcrumb\":{\"@id\":\"https:\/\/commercecon.pl\/en\/privacy-and-cookies-policy\/#breadcrumb\"},\"inLanguage\":\"en-US\",\"potentialAction\":[{\"@type\":\"ReadAction\",\"target\":[\"https:\/\/commercecon.pl\/en\/privacy-and-cookies-policy\/\"]}]},{\"@type\":\"BreadcrumbList\",\"@id\":\"https:\/\/commercecon.pl\/en\/privacy-and-cookies-policy\/#breadcrumb\",\"itemListElement\":[{\"@type\":\"ListItem\",\"position\":1,\"name\":\"Main\",\"item\":\"https:\/\/commercecon.pl\/en\/\"},{\"@type\":\"ListItem\",\"position\":2,\"name\":\"Privacy and cookies policy\"}]},{\"@type\":\"WebSite\",\"@id\":\"https:\/\/commercecon.pl\/en\/#website\",\"url\":\"https:\/\/commercecon.pl\/en\/\",\"name\":\"Commercecon\",\"description\":\"\",\"potentialAction\":[{\"@type\":\"SearchAction\",\"target\":{\"@type\":\"EntryPoint\",\"urlTemplate\":\"https:\/\/commercecon.pl\/en\/?s={search_term_string}\"},\"query-input\":{\"@type\":\"PropertyValueSpecification\",\"valueRequired\":true,\"valueName\":\"search_term_string\"}}],\"inLanguage\":\"en-US\"}]}<\/script>\n<!-- \/ Yoast SEO plugin. -->","yoast_head_json":{"title":"Privacy and cookies policy - Commercecon","robots":{"index":"noindex","follow":"nofollow"},"og_locale":"en_US","og_type":"article","og_title":"Privacy and cookies policy - Commercecon","og_description":"Pursuant to Article 13 of the General Data Protection Regulation of 27 April 2016 (OJ L 119, 04\/05\/2016) and the Personal Data Protection Act of 10 May 2018, please be informed that: The Controller of your personal data is Commercecon sp\u00f3\u0142ka z ograniczon\u0105 odpowiedzialno\u015bci\u0105 Sp. K., having its registered office in Konstantyn\u00f3w \u0141\u00f3dzki 95-050, ul. [&hellip;]","og_url":"https:\/\/commercecon.pl\/en\/privacy-and-cookies-policy\/","og_site_name":"Commercecon","article_modified_time":"2023-03-28T15:24:33+00:00","og_image":[{"width":1900,"height":1266,"url":"https:\/\/commercecon.pl\/wp-content\/uploads\/2024\/11\/0730_Panasystem.jpg","type":"image\/jpeg"}],"twitter_card":"summary_large_image","twitter_misc":{"Est. reading time":"7 minutes"},"schema":{"@context":"https:\/\/schema.org","@graph":[{"@type":"WebPage","@id":"https:\/\/commercecon.pl\/en\/privacy-and-cookies-policy\/","url":"https:\/\/commercecon.pl\/en\/privacy-and-cookies-policy\/","name":"Privacy and cookies policy - Commercecon","isPartOf":{"@id":"https:\/\/commercecon.pl\/en\/#website"},"datePublished":"2021-08-19T08:17:12+00:00","dateModified":"2023-03-28T15:24:33+00:00","breadcrumb":{"@id":"https:\/\/commercecon.pl\/en\/privacy-and-cookies-policy\/#breadcrumb"},"inLanguage":"en-US","potentialAction":[{"@type":"ReadAction","target":["https:\/\/commercecon.pl\/en\/privacy-and-cookies-policy\/"]}]},{"@type":"BreadcrumbList","@id":"https:\/\/commercecon.pl\/en\/privacy-and-cookies-policy\/#breadcrumb","itemListElement":[{"@type":"ListItem","position":1,"name":"Main","item":"https:\/\/commercecon.pl\/en\/"},{"@type":"ListItem","position":2,"name":"Privacy and cookies policy"}]},{"@type":"WebSite","@id":"https:\/\/commercecon.pl\/en\/#website","url":"https:\/\/commercecon.pl\/en\/","name":"Commercecon","description":"","potentialAction":[{"@type":"SearchAction","target":{"@type":"EntryPoint","urlTemplate":"https:\/\/commercecon.pl\/en\/?s={search_term_string}"},"query-input":{"@type":"PropertyValueSpecification","valueRequired":true,"valueName":"search_term_string"}}],"inLanguage":"en-US"}]}},"_links":{"self":[{"href":"https:\/\/commercecon.pl\/en\/wp-json\/wp\/v2\/pages\/4670","targetHints":{"allow":["GET"]}}],"collection":[{"href":"https:\/\/commercecon.pl\/en\/wp-json\/wp\/v2\/pages"}],"about":[{"href":"https:\/\/commercecon.pl\/en\/wp-json\/wp\/v2\/types\/page"}],"author":[{"embeddable":true,"href":"https:\/\/commercecon.pl\/en\/wp-json\/wp\/v2\/users\/3"}],"replies":[{"embeddable":true,"href":"https:\/\/commercecon.pl\/en\/wp-json\/wp\/v2\/comments?post=4670"}],"version-history":[{"count":11,"href":"https:\/\/commercecon.pl\/en\/wp-json\/wp\/v2\/pages\/4670\/revisions"}],"predecessor-version":[{"id":7777,"href":"https:\/\/commercecon.pl\/en\/wp-json\/wp\/v2\/pages\/4670\/revisions\/7777"}],"wp:attachment":[{"href":"https:\/\/commercecon.pl\/en\/wp-json\/wp\/v2\/media?parent=4670"}],"curies":[{"name":"wp","href":"https:\/\/api.w.org\/{rel}","templated":true}]}}