{"id":4682,"date":"2021-07-05T10:41:09","date_gmt":"2021-07-05T08:41:09","guid":{"rendered":"https:\/\/commercecon.pl\/?page_id=4682"},"modified":"2022-03-14T01:22:58","modified_gmt":"2022-03-14T00:22:58","slug":"construction-engineer","status":"publish","type":"page","link":"https:\/\/commercecon.pl\/en\/construction-engineer\/","title":{"rendered":"Construction engineer"},"content":{"rendered":"\n<div class=\"wp-block-group is-style-default\"><div class=\"wp-block-group__inner-container is-layout-flow wp-block-group-is-layout-flow\">\n<div class=\"wp-block-group\"><div class=\"wp-block-group__inner-container is-layout-flow wp-block-group-is-layout-flow\">\n<div class=\"wp-block-cover\"><img loading=\"lazy\" decoding=\"async\" width=\"2400\" height=\"1600\" class=\"wp-block-cover__image-background wp-image-3098\" alt=\"\" src=\"https:\/\/commercecon.pl\/wp-content\/uploads\/2021\/07\/construction-inzynier-budowy.jpg\" style=\"object-position:68% 56%\" data-object-fit=\"cover\" data-object-position=\"68% 56%\" srcset=\"https:\/\/commercecon.pl\/wp-content\/uploads\/2021\/07\/construction-inzynier-budowy.jpg 2400w, https:\/\/commercecon.pl\/wp-content\/uploads\/2021\/07\/construction-inzynier-budowy-300x200.jpg 300w, https:\/\/commercecon.pl\/wp-content\/uploads\/2021\/07\/construction-inzynier-budowy-1024x683.jpg 1024w, https:\/\/commercecon.pl\/wp-content\/uploads\/2021\/07\/construction-inzynier-budowy-768x512.jpg 768w, https:\/\/commercecon.pl\/wp-content\/uploads\/2021\/07\/construction-inzynier-budowy-1536x1024.jpg 1536w, https:\/\/commercecon.pl\/wp-content\/uploads\/2021\/07\/construction-inzynier-budowy-2048x1365.jpg 2048w, https:\/\/commercecon.pl\/wp-content\/uploads\/2021\/07\/construction-inzynier-budowy-1920x1280.jpg 1920w\" sizes=\"auto, (max-width: 2400px) 100vw, 2400px\" \/><div class=\"wp-block-cover__inner-container is-layout-flow wp-block-cover-is-layout-flow\">\n<p class=\"has-text-align-center has-large-font-size\"><\/p>\n<\/div><\/div>\n<\/div><\/div>\n<\/div><\/div>\n\n\n\n<style>\n    @media (max-width:1023px) {\n        .spacer-block_60d5b066f078e {\n            height: 10px;\n        }\n    }\n    @media (min-width:1024px) {\n        .spacer-block_60d5b066f078e {\n            height: 70px;\n        }\n    }\n<\/style>\n<div class=\"spacer spacer-block_60d5b066f078e\"><\/div>\n\n\n\n<div class=\"wp-block-group is-style-container-small has-white-color has-text-color has-background\" style=\"background-color:#0e2943\"><div class=\"wp-block-group__inner-container is-layout-flow wp-block-group-is-layout-flow\">\n<style>\n    @media (max-width:1023px) {\n        .spacer-block_60e2c27a445c3 {\n            height: 10px;\n        }\n    }\n    @media (min-width:1024px) {\n        .spacer-block_60e2c27a445c3 {\n            height: 40px;\n        }\n    }\n<\/style>\n<div class=\"spacer spacer-block_60e2c27a445c3\"><\/div>\n\n\n\n<div class=\"wp-block-columns is-layout-flex wp-container-core-columns-is-layout-9d6595d7 wp-block-columns-is-layout-flex\">\n<div class=\"wp-block-column is-vertically-aligned-center is-layout-flow wp-block-column-is-layout-flow\">\n<ul class=\"wp-block-list\"><li>all of Poland<\/li><\/ul>\n<\/div>\n\n\n\n<div class=\"wp-block-column is-vertically-aligned-center is-layout-flow wp-block-column-is-layout-flow\">\n<ul class=\"wp-block-list\"><li>employment contract<\/li><\/ul>\n\n\n\n<p><\/p>\n<\/div>\n\n\n\n<div class=\"wp-block-column is-vertically-aligned-center is-layout-flow wp-block-column-is-layout-flow\">\n<ul class=\"wp-block-list\"><li>full time<\/li><\/ul>\n\n\n\n<p><\/p>\n<\/div>\n<\/div>\n\n\n\n<style>\n    @media (max-width:1023px) {\n        .spacer-block_60e2c490445c9 {\n            height: 10px;\n        }\n    }\n    @media (min-width:1024px) {\n        .spacer-block_60e2c490445c9 {\n            height: 10px;\n        }\n    }\n<\/style>\n<div class=\"spacer spacer-block_60e2c490445c9\"><\/div>\n<\/div><\/div>\n\n\n\n<style>\n    @media (max-width:1023px) {\n        .spacer-block_60d5b076f078f {\n            height: 10px;\n        }\n    }\n    @media (min-width:1024px) {\n        .spacer-block_60d5b076f078f {\n            height: 30px;\n        }\n    }\n<\/style>\n<div class=\"spacer spacer-block_60d5b076f078f\"><\/div>\n\n\n\n<div class=\"wp-block-group is-style-container-small\"><div class=\"wp-block-group__inner-container is-layout-flow wp-block-group-is-layout-flow\">\n<h2 class=\"is-style-heading-small wp-block-heading\">Your responsibilities<\/h2>\n<\/div><\/div>\n\n\n\n<style>\n    @media (max-width:1023px) {\n        .spacer-block_60e2c299445c4 {\n            height: 10px;\n        }\n    }\n    @media (min-width:1024px) {\n        .spacer-block_60e2c299445c4 {\n            height: 30px;\n        }\n    }\n<\/style>\n<div class=\"spacer spacer-block_60e2c299445c4\"><\/div>\n\n\n\n<div class=\"wp-block-group is-style-container-small\"><div class=\"wp-block-group__inner-container is-layout-flow wp-block-group-is-layout-flow\">\n<ul class=\"wp-block-list\"><li>Managing construction works,<\/li><li>Supervising and verifying quality of works and their timely completion,<\/li><li>Preparing work quantity progress reports,<\/li><li>Preparing order-based documentation,<\/li><li>Reporting on work progress,<\/li><li>Keeping site documentation,<\/li><li>Working with the Management Board, Site Manager, Investor and public authorities during project completion.<\/li><\/ul>\n<\/div><\/div>\n\n\n\n<style>\n    @media (max-width:1023px) {\n        .spacer-block_60e2c2d0445c5 {\n            height: 10px;\n        }\n    }\n    @media (min-width:1024px) {\n        .spacer-block_60e2c2d0445c5 {\n            height: 30px;\n        }\n    }\n<\/style>\n<div class=\"spacer spacer-block_60e2c2d0445c5\"><\/div>\n\n\n\n<div class=\"wp-block-group is-style-container-small\"><div class=\"wp-block-group__inner-container is-layout-flow wp-block-group-is-layout-flow\">\n<h2 class=\"is-style-heading-small wp-block-heading\">What we require<\/h2>\n\n\n\n<style>\n    @media (max-width:1023px) {\n        .spacer-block_60e2c3b3445c6 {\n            height: 10px;\n        }\n    }\n    @media (min-width:1024px) {\n        .spacer-block_60e2c3b3445c6 {\n            height: 30px;\n        }\n    }\n<\/style>\n<div class=\"spacer spacer-block_60e2c3b3445c6\"><\/div>\n\n\n\n<ul class=\"wp-block-list\"><li>Degree in civil engineering,<\/li><li>At least 2 years of experience in construction work,<\/li><li>Understanding construction law,<\/li><li>Good organisation of your own and contractor teams\u2019 work,<\/li><li>Knowledge of MS Office, ACAD and other software,<\/li><li>An independent, committed and responsible worker,<\/li><li>Category B driving licence,<\/li><li>Knowledge of English or German language (other languages are also welcome).<\/li><\/ul>\n\n\n\n<style>\n    @media (max-width:1023px) {\n        .spacer-block_60e2c3b8445c7 {\n            height: 10px;\n        }\n    }\n    @media (min-width:1024px) {\n        .spacer-block_60e2c3b8445c7 {\n            height: 30px;\n        }\n    }\n<\/style>\n<div class=\"spacer spacer-block_60e2c3b8445c7\"><\/div>\n\n\n\n<h2 class=\"is-style-heading-small wp-block-heading\">What we offer<\/h2>\n\n\n\n<style>\n    @media (max-width:1023px) {\n        .spacer-block_60e2c3c6445c8 {\n            height: 10px;\n        }\n    }\n    @media (min-width:1024px) {\n        .spacer-block_60e2c3c6445c8 {\n            height: 30px;\n        }\n    }\n<\/style>\n<div class=\"spacer spacer-block_60e2c3c6445c8\"><\/div>\n\n\n\n<ul class=\"wp-block-list\"><li>An exciting and responsible full-time job in a dynamically growing company,<\/li><li>Opportunities to gain experience in contacts with customers,<\/li><li>Any required work tools,<\/li><li>Attractive, performance-based remuneration,<\/li><li>Stable employment.<\/li><\/ul>\n<\/div><\/div>\n\n\n\n<style>\n    @media (max-width:1023px) {\n        .spacer-block_60d5b26ef0790 {\n            height: px;\n        }\n    }\n    @media (min-width:1024px) {\n        .spacer-block_60d5b26ef0790 {\n            height: 50px;\n        }\n    }\n<\/style>\n<div class=\"spacer spacer-block_60d5b26ef0790\"><\/div>\n\n\n\n<div class=\"form-section\">\n  <div class=\"form-section__bg\" style=\"background-image:url(https:\/\/commercecon.pl\/wp-content\/uploads\/2021\/06\/Konstrukcja.png)\"><\/div>\n  <div class=\"form-section__inner container zindex5\">\n    <div class=\"form-section__text\">\n      <div class=\"is-style-subtitle\">JOIN US<\/div>\n      <div class=\"is-style-heading-medium \">Send CV<\/div>\n          <\/div>\n    <div class=\"form-section__form\">\n      \n<div class=\"wpcf7 no-js\" id=\"wpcf7-f5253-o1\" lang=\"pl-PL\" dir=\"ltr\" data-wpcf7-id=\"5253\">\n<div class=\"screen-reader-response\"><p role=\"status\" aria-live=\"polite\" aria-atomic=\"true\"><\/p> <ul><\/ul><\/div>\n<form action=\"\/en\/wp-json\/wp\/v2\/pages\/4682#wpcf7-f5253-o1\" method=\"post\" class=\"wpcf7-form init wpcf7-acceptance-as-validation\" aria-label=\"Formularz kontaktowy\" novalidate=\"novalidate\" data-status=\"init\">\n<fieldset class=\"hidden-fields-container\"><input type=\"hidden\" name=\"_wpcf7\" value=\"5253\" \/><input type=\"hidden\" name=\"_wpcf7_version\" value=\"6.1.3\" \/><input type=\"hidden\" name=\"_wpcf7_locale\" value=\"pl_PL\" \/><input type=\"hidden\" name=\"_wpcf7_unit_tag\" value=\"wpcf7-f5253-o1\" \/><input type=\"hidden\" name=\"_wpcf7_container_post\" value=\"0\" \/><input type=\"hidden\" name=\"_wpcf7_posted_data_hash\" value=\"\" \/><input type=\"hidden\" name=\"_wpcf7_recaptcha_response\" value=\"\" \/>\n<\/fieldset>\n<div class=\"field-2cols\">\n  <label class=\"field\">\n    <div class=\"field__label\">First name*<\/div>\n    <div class=\"field__field\">\n      <span class=\"wpcf7-form-control-wrap\" data-name=\"your-fname\"><input size=\"40\" maxlength=\"400\" class=\"wpcf7-form-control wpcf7-text wpcf7-validates-as-required\" aria-required=\"true\" aria-invalid=\"false\" value=\"\" type=\"text\" name=\"your-fname\" \/><\/span>\n    <\/div>\n  <\/label>\n  <label class=\"field\">\n    <div class=\"field__label\">Surname*<\/div>\n    <div class=\"field__field\">\n      <span class=\"wpcf7-form-control-wrap\" data-name=\"your-lame\"><input size=\"40\" maxlength=\"400\" class=\"wpcf7-form-control wpcf7-text wpcf7-validates-as-required\" aria-required=\"true\" aria-invalid=\"false\" value=\"\" type=\"text\" name=\"your-lame\" \/><\/span>\n    <\/div>\n  <\/label>\n<\/div>\n\n<div class=\"field-2cols\">\n  <label class=\"field\">\n    <div class=\"field__label\">E-mail*<\/div>\n    <div class=\"field__field\">\n      <span class=\"wpcf7-form-control-wrap\" data-name=\"your-mail\"><input size=\"40\" maxlength=\"400\" class=\"wpcf7-form-control wpcf7-text wpcf7-validates-as-required\" aria-required=\"true\" aria-invalid=\"false\" value=\"\" type=\"text\" name=\"your-mail\" \/><\/span>\n    <\/div>\n  <\/label>\n  <label class=\"field\">\n    <div class=\"field__label\">Telephone number<\/div>\n    <div class=\"field__field\">\n      <span class=\"wpcf7-form-control-wrap\" data-name=\"your-phone\"><input size=\"40\" maxlength=\"400\" class=\"wpcf7-form-control wpcf7-text\" aria-invalid=\"false\" value=\"\" type=\"text\" name=\"your-phone\" \/><\/span>\n    <\/div>\n  <\/label>\n<\/div>\n\n<label class=\"field\">\n  <div class=\"field__label\">Send us CV <\/div>\n  <div class=\"field__field\">\n    <span class=\"wpcf7-form-control-wrap\" data-name=\"upload-file-915\"><input size=\"40\" class=\"wpcf7-form-control wpcf7-drag-n-drop-file d-none\" aria-invalid=\"false\" type=\"file\" multiple=\"multiple\" data-name=\"upload-file-915\" data-max=\"5\" data-id=\"5253\" data-version=\"free version 1.3.9.2\" accept=\".\" \/><\/span>\n  <\/div>\n<\/label>\n\n<label class=\"field\">\n  <div class=\"field__label\">Message*<\/div>\n  <div class=\"field__field\">\n    <span class=\"wpcf7-form-control-wrap\" data-name=\"message\"><textarea cols=\"40\" rows=\"10\" maxlength=\"2000\" class=\"wpcf7-form-control wpcf7-textarea wpcf7-validates-as-required\" aria-required=\"true\" aria-invalid=\"false\" name=\"message\"><\/textarea><\/span>\n  <\/div>\n<\/label>\n<div class=\"mb30\">\n\n<div class=\"checkbox-wrapper\">\n<span class=\"wpcf7-form-control-wrap\" data-name=\"acceptance-1\"><span class=\"wpcf7-form-control wpcf7-acceptance\"><span class=\"wpcf7-list-item\"><label><input type=\"checkbox\" name=\"acceptance-1\" value=\"1\" aria-invalid=\"false\" \/><span class=\"wpcf7-list-item-label\">*I have read and understood the Information Clause of Commercecon Sp\u00f3\u0142ka z ograniczon\u0105 odpowiedzialno\u015bci\u0105 Sp. K.\u201d  <span class=\"more-dots\">&#8230;<br \/><\/span> <span class=\"more-text\"><br \/><br \/>In compliance with the information obligation under Article 13 of the General Data Protection Regulation of 27 April 2016 (OJ L 119, 04\/05\/2016), we would like to inform you that:<br \/>\n\n1) The controller of your personal data is Commercecon sp\u00f3\u0142ka z ograniczon\u0105 odpowiedzialno\u015bci\u0105 Sp. K., having its registered office in Konstantyn\u00f3w \u0141\u00f3dzki 95-050, ul. Inwestycyjna 5.<br \/>\n2) The contact details of the Data Protection Officer are: Marcin Polit, +48533641700, iod@commercecon.pl.<br \/>\n3) Your personal data will be processed for the following purposes:<br \/>\n&#8211; recruitment for selected positions (Article 6(1)(f));<br \/>\n&#8211; future recruitment (Article 6(1)(a));<br \/>\n&#8211; ensuring the safety of employees and property (Article 6(1)(f));<br \/>\n&#8211; defence against claims (Article 6(1)(f) GDPR).<br \/>\n4) The recipients of your personal data will be only the entities authorised to manage the recruitment for Commercecon Sp\u00f3\u0142ka z ograniczon\u0105 odpowiedzialno\u015bci\u0105 Sp. K .<br \/>\n5) Your personal data will be stored until you effectively exercise your right to object or withdraw your consent, or for the storage period prescribed by the applicable law.<br \/>\n6) You have the right to access, rectify, erase your data or restrict its processing, withdraw your consent, the right to data portability and the right to object if your data is processed based on Article 6(1)(e) or (f).<br \/>\n7) You have the right to lodge a complaint with the Personal Data Protection Office (UODO) if your personal data is processed by the controller contrary to the General Data Protection Regulation of 27 April 2016.<br \/>\n8) Your data will not be subject to automated processing, including profiling.<br \/>\n9) The provision of personal data is voluntary, but failure to provide data will preclude the recruitment process.<br \/>\n<\/span>\n<button type=\"button\" class=\"show-more\">Show more<\/button>\n<button type=\"button\" class=\"show-less\">Show less<\/button><\/span><\/label><\/span><\/span><\/span>\n<\/div>\n\n<div class=\"checkbox-wrapper\">\n<span class=\"wpcf7-form-control-wrap\" data-name=\"acceptance-2\"><span class=\"wpcf7-form-control wpcf7-acceptance\"><span class=\"wpcf7-list-item\"><label><input type=\"checkbox\" name=\"acceptance-2\" value=\"1\" aria-invalid=\"false\" \/><span class=\"wpcf7-list-item-label\">*I consent to being contacted using the contact methods I have provided (e-mail, phone) for the purpose of the current recruitment process.<\/span><\/label><\/span><\/span><\/span>\n\n\n<\/div>\n<\/div>\n\n<span id=\"wpcf7-69d73b8146de3-wrapper\" class=\"wpcf7-form-control-wrap honeypot-227-wrap\" style=\"display:none !important; visibility:hidden !important;\"><label for=\"wpcf7-69d73b8146de3-field\" class=\"hp-message\">Please leave this field empty.<\/label><input id=\"wpcf7-69d73b8146de3-field\"  class=\"wpcf7-form-control wpcf7-text\" type=\"text\" name=\"honeypot-227\" value=\"\" size=\"40\" tabindex=\"-1\" autocomplete=\"new-password\" \/><\/span>\n\n<div class=\"text-right relative mt20\">\n<input class=\"wpcf7-form-control wpcf7-submit has-spinner btn btn--blue\" type=\"submit\" value=\"Send CV\" \/>\n<\/div>\n<p style=\"font-size: 1.2rem; color: #9c9c9c; margin-top: 100px;\">This page is protected by the reCAPTCHA. <a href=\"https:\/\/policies.google.com\/privacy\" target=\"_blank\">Privacy policy<\/a> and Google <a href=\"https:\/\/policies.google.com\/terms\" target=\"_blank\">Regulations<\/a> apply.<\/p><div class=\"wpcf7-response-output\" aria-hidden=\"true\"><\/div>\n<\/form>\n<\/div>\n    <\/div>\n  <\/div>\n<\/div>\n\n\n","protected":false},"excerpt":{"rendered":"<p>all of Poland employment contract full time Your responsibilities Managing construction works, Supervising and verifying quality of works and their timely completion, Preparing work quantity progress reports, Preparing order-based documentation, Reporting on work progress, Keeping site documentation, Working with the Management Board, Site Manager, Investor and public authorities during project completion. What we require Degree [&hellip;]<\/p>\n","protected":false},"author":3,"featured_media":0,"parent":0,"menu_order":0,"comment_status":"closed","ping_status":"closed","template":"","meta":{"_acf_changed":false,"inline_featured_image":false,"footnotes":""},"class_list":["post-4682","page","type-page","status-publish","hentry"],"acf":[],"yoast_head":"<!-- This site is optimized with the Yoast SEO plugin v26.4 - https:\/\/yoast.com\/wordpress\/plugins\/seo\/ -->\n<title>Construction engineer - Commercecon<\/title>\n<meta name=\"robots\" content=\"index, follow, max-snippet:-1, max-image-preview:large, max-video-preview:-1\" \/>\n<link rel=\"canonical\" href=\"https:\/\/commercecon.pl\/en\/construction-engineer\/\" \/>\n<meta property=\"og:locale\" content=\"en_US\" \/>\n<meta property=\"og:type\" content=\"article\" \/>\n<meta property=\"og:title\" content=\"Construction engineer - Commercecon\" \/>\n<meta property=\"og:description\" content=\"all of Poland employment contract full time Your responsibilities Managing construction works, Supervising and verifying quality of works and their timely completion, Preparing work quantity progress reports, Preparing order-based documentation, Reporting on work progress, Keeping site documentation, Working with the Management Board, Site Manager, Investor and public authorities during project completion. What we require Degree [&hellip;]\" \/>\n<meta property=\"og:url\" content=\"https:\/\/commercecon.pl\/en\/construction-engineer\/\" \/>\n<meta property=\"og:site_name\" content=\"Commercecon\" \/>\n<meta property=\"article:modified_time\" content=\"2022-03-14T00:22:58+00:00\" \/>\n<meta property=\"og:image\" content=\"https:\/\/commercecon.pl\/wp-content\/uploads\/2021\/07\/construction-inzynier-budowy.jpg\" \/>\n<meta name=\"twitter:card\" content=\"summary_large_image\" \/>\n<meta name=\"twitter:label1\" content=\"Est. reading time\" \/>\n\t<meta name=\"twitter:data1\" content=\"1 minute\" \/>\n<script type=\"application\/ld+json\" class=\"yoast-schema-graph\">{\"@context\":\"https:\/\/schema.org\",\"@graph\":[{\"@type\":\"WebPage\",\"@id\":\"https:\/\/commercecon.pl\/en\/construction-engineer\/\",\"url\":\"https:\/\/commercecon.pl\/en\/construction-engineer\/\",\"name\":\"Construction engineer - Commercecon\",\"isPartOf\":{\"@id\":\"https:\/\/commercecon.pl\/en\/#website\"},\"primaryImageOfPage\":{\"@id\":\"https:\/\/commercecon.pl\/en\/construction-engineer\/#primaryimage\"},\"image\":{\"@id\":\"https:\/\/commercecon.pl\/en\/construction-engineer\/#primaryimage\"},\"thumbnailUrl\":\"https:\/\/commercecon.pl\/wp-content\/uploads\/2021\/07\/construction-inzynier-budowy.jpg\",\"datePublished\":\"2021-07-05T08:41:09+00:00\",\"dateModified\":\"2022-03-14T00:22:58+00:00\",\"breadcrumb\":{\"@id\":\"https:\/\/commercecon.pl\/en\/construction-engineer\/#breadcrumb\"},\"inLanguage\":\"en-US\",\"potentialAction\":[{\"@type\":\"ReadAction\",\"target\":[\"https:\/\/commercecon.pl\/en\/construction-engineer\/\"]}]},{\"@type\":\"ImageObject\",\"inLanguage\":\"en-US\",\"@id\":\"https:\/\/commercecon.pl\/en\/construction-engineer\/#primaryimage\",\"url\":\"https:\/\/commercecon.pl\/wp-content\/uploads\/2021\/07\/construction-inzynier-budowy.jpg\",\"contentUrl\":\"https:\/\/commercecon.pl\/wp-content\/uploads\/2021\/07\/construction-inzynier-budowy.jpg\"},{\"@type\":\"BreadcrumbList\",\"@id\":\"https:\/\/commercecon.pl\/en\/construction-engineer\/#breadcrumb\",\"itemListElement\":[{\"@type\":\"ListItem\",\"position\":1,\"name\":\"Main\",\"item\":\"https:\/\/commercecon.pl\/en\/\"},{\"@type\":\"ListItem\",\"position\":2,\"name\":\"Construction engineer\"}]},{\"@type\":\"WebSite\",\"@id\":\"https:\/\/commercecon.pl\/en\/#website\",\"url\":\"https:\/\/commercecon.pl\/en\/\",\"name\":\"Commercecon\",\"description\":\"\",\"potentialAction\":[{\"@type\":\"SearchAction\",\"target\":{\"@type\":\"EntryPoint\",\"urlTemplate\":\"https:\/\/commercecon.pl\/en\/?s={search_term_string}\"},\"query-input\":{\"@type\":\"PropertyValueSpecification\",\"valueRequired\":true,\"valueName\":\"search_term_string\"}}],\"inLanguage\":\"en-US\"}]}<\/script>\n<!-- \/ Yoast SEO plugin. -->","yoast_head_json":{"title":"Construction engineer - Commercecon","robots":{"index":"index","follow":"follow","max-snippet":"max-snippet:-1","max-image-preview":"max-image-preview:large","max-video-preview":"max-video-preview:-1"},"canonical":"https:\/\/commercecon.pl\/en\/construction-engineer\/","og_locale":"en_US","og_type":"article","og_title":"Construction engineer - Commercecon","og_description":"all of Poland employment contract full time Your responsibilities Managing construction works, Supervising and verifying quality of works and their timely completion, Preparing work quantity progress reports, Preparing order-based documentation, Reporting on work progress, Keeping site documentation, Working with the Management Board, Site Manager, Investor and public authorities during project completion. What we require Degree [&hellip;]","og_url":"https:\/\/commercecon.pl\/en\/construction-engineer\/","og_site_name":"Commercecon","article_modified_time":"2022-03-14T00:22:58+00:00","og_image":[{"url":"https:\/\/commercecon.pl\/wp-content\/uploads\/2021\/07\/construction-inzynier-budowy.jpg","type":"","width":"","height":""}],"twitter_card":"summary_large_image","twitter_misc":{"Est. reading time":"1 minute"},"schema":{"@context":"https:\/\/schema.org","@graph":[{"@type":"WebPage","@id":"https:\/\/commercecon.pl\/en\/construction-engineer\/","url":"https:\/\/commercecon.pl\/en\/construction-engineer\/","name":"Construction engineer - Commercecon","isPartOf":{"@id":"https:\/\/commercecon.pl\/en\/#website"},"primaryImageOfPage":{"@id":"https:\/\/commercecon.pl\/en\/construction-engineer\/#primaryimage"},"image":{"@id":"https:\/\/commercecon.pl\/en\/construction-engineer\/#primaryimage"},"thumbnailUrl":"https:\/\/commercecon.pl\/wp-content\/uploads\/2021\/07\/construction-inzynier-budowy.jpg","datePublished":"2021-07-05T08:41:09+00:00","dateModified":"2022-03-14T00:22:58+00:00","breadcrumb":{"@id":"https:\/\/commercecon.pl\/en\/construction-engineer\/#breadcrumb"},"inLanguage":"en-US","potentialAction":[{"@type":"ReadAction","target":["https:\/\/commercecon.pl\/en\/construction-engineer\/"]}]},{"@type":"ImageObject","inLanguage":"en-US","@id":"https:\/\/commercecon.pl\/en\/construction-engineer\/#primaryimage","url":"https:\/\/commercecon.pl\/wp-content\/uploads\/2021\/07\/construction-inzynier-budowy.jpg","contentUrl":"https:\/\/commercecon.pl\/wp-content\/uploads\/2021\/07\/construction-inzynier-budowy.jpg"},{"@type":"BreadcrumbList","@id":"https:\/\/commercecon.pl\/en\/construction-engineer\/#breadcrumb","itemListElement":[{"@type":"ListItem","position":1,"name":"Main","item":"https:\/\/commercecon.pl\/en\/"},{"@type":"ListItem","position":2,"name":"Construction engineer"}]},{"@type":"WebSite","@id":"https:\/\/commercecon.pl\/en\/#website","url":"https:\/\/commercecon.pl\/en\/","name":"Commercecon","description":"","potentialAction":[{"@type":"SearchAction","target":{"@type":"EntryPoint","urlTemplate":"https:\/\/commercecon.pl\/en\/?s={search_term_string}"},"query-input":{"@type":"PropertyValueSpecification","valueRequired":true,"valueName":"search_term_string"}}],"inLanguage":"en-US"}]}},"_links":{"self":[{"href":"https:\/\/commercecon.pl\/en\/wp-json\/wp\/v2\/pages\/4682","targetHints":{"allow":["GET"]}}],"collection":[{"href":"https:\/\/commercecon.pl\/en\/wp-json\/wp\/v2\/pages"}],"about":[{"href":"https:\/\/commercecon.pl\/en\/wp-json\/wp\/v2\/types\/page"}],"author":[{"embeddable":true,"href":"https:\/\/commercecon.pl\/en\/wp-json\/wp\/v2\/users\/3"}],"replies":[{"embeddable":true,"href":"https:\/\/commercecon.pl\/en\/wp-json\/wp\/v2\/comments?post=4682"}],"version-history":[{"count":11,"href":"https:\/\/commercecon.pl\/en\/wp-json\/wp\/v2\/pages\/4682\/revisions"}],"predecessor-version":[{"id":6474,"href":"https:\/\/commercecon.pl\/en\/wp-json\/wp\/v2\/pages\/4682\/revisions\/6474"}],"wp:attachment":[{"href":"https:\/\/commercecon.pl\/en\/wp-json\/wp\/v2\/media?parent=4682"}],"curies":[{"name":"wp","href":"https:\/\/api.w.org\/{rel}","templated":true}]}}