{"id":5110,"date":"2021-06-10T14:53:11","date_gmt":"2021-06-10T12:53:11","guid":{"rendered":"https:\/\/commercecon.pl\/oferta\/"},"modified":"2022-02-28T02:15:25","modified_gmt":"2022-02-28T01:15:25","slug":"offer","status":"publish","type":"page","link":"https:\/\/commercecon.pl\/en\/offer\/","title":{"rendered":"Offer"},"content":{"rendered":"\n\n<div class=\"text-box-image photo-text style-fullwidth\">\n  <div class=\"text-box-image__image\">\n    <img loading=\"lazy\" decoding=\"async\" width=\"1600\" height=\"1060\" src=\"https:\/\/commercecon.pl\/wp-content\/uploads\/2021\/06\/Zaprojektuj-i-wybuduj-Commercecon.jpg\" class=\"attachment-xlarge size-xlarge\" alt=\"Zaprojektuj i wybuduj\" srcset=\"https:\/\/commercecon.pl\/wp-content\/uploads\/2021\/06\/Zaprojektuj-i-wybuduj-Commercecon.jpg 1600w, https:\/\/commercecon.pl\/wp-content\/uploads\/2021\/06\/Zaprojektuj-i-wybuduj-Commercecon-300x199.jpg 300w, https:\/\/commercecon.pl\/wp-content\/uploads\/2021\/06\/Zaprojektuj-i-wybuduj-Commercecon-1024x678.jpg 1024w, https:\/\/commercecon.pl\/wp-content\/uploads\/2021\/06\/Zaprojektuj-i-wybuduj-Commercecon-768x509.jpg 768w, https:\/\/commercecon.pl\/wp-content\/uploads\/2021\/06\/Zaprojektuj-i-wybuduj-Commercecon-1536x1018.jpg 1536w\" sizes=\"auto, (max-width: 1600px) 100vw, 1600px\" \/>  <\/div>\n  <div class=\"text-box-image__text\">\n    \n\n<h2 class=\"is-style-heading-small wp-block-heading\">Design and build <\/h2>\n\n\n\n<p>With the Design and Build concept, we implement our proprietary idea and vision for an industrial facility. Using this approach, we coordinate all stages a hall construction: from finding the right location to incorporating the investor\u2019s vision into our architectural design, preparing documentation, obtaining the necessary permits, comprehensive project execution and commissioning.<\/p>\n\n\n\n<div class=\"\">\n  <a href=\"\/en\/offer\/design-and-build\/\"\n     class=\"text-link\"\n       >Learn more about this service<\/a>\n<\/div>\n\n\n  <\/div>\n\n<\/div>\n\n\n\n\n<div class=\"text-box-image text-photo style-fullwidth\">\n  <div class=\"text-box-image__image\">\n    <img loading=\"lazy\" decoding=\"async\" width=\"1000\" height=\"667\" src=\"https:\/\/commercecon.pl\/wp-content\/uploads\/2021\/06\/generalne-wykonawstwo-Commercecon.jpg\" class=\"attachment-xlarge size-xlarge\" alt=\"generalne wykonawstwo w budownictwie przemys\u0142owym\" srcset=\"https:\/\/commercecon.pl\/wp-content\/uploads\/2021\/06\/generalne-wykonawstwo-Commercecon.jpg 1000w, https:\/\/commercecon.pl\/wp-content\/uploads\/2021\/06\/generalne-wykonawstwo-Commercecon-300x200.jpg 300w, https:\/\/commercecon.pl\/wp-content\/uploads\/2021\/06\/generalne-wykonawstwo-Commercecon-768x512.jpg 768w\" sizes=\"auto, (max-width: 1000px) 100vw, 1000px\" \/>  <\/div>\n  <div class=\"text-box-image__text\">\n    \n\n<h2 class=\"is-style-heading-small wp-block-heading\">General contracting<\/h2>\n\n\n\n<p>We deliver comprehensive solutions to satisfy to the needs of the most demanding customers. With our long-standing experience as a general contractor, our competitive edge is adopting the right approach to managing the entire project, ensuring issue-free and on-time delivery.<\/p>\n\n\n\n<div class=\"\">\n  <a href=\"\/en\/offer\/general-construction\/\"\n     class=\"text-link\"\n       >Learn more about this service<\/a>\n<\/div>\n\n\n  <\/div>\n\n<\/div>\n\n\n\n\n<div class=\"text-box-image photo-text style-fullwidth\">\n  <div class=\"text-box-image__image\">\n    <img loading=\"lazy\" decoding=\"async\" width=\"1200\" height=\"801\" src=\"https:\/\/commercecon.pl\/wp-content\/uploads\/2021\/06\/projektowanie-i-optymalizacja-Commercecon-1.jpg\" class=\"attachment-xlarge size-xlarge\" alt=\"projektowanie i optymalizacja w budownictwie przemys\u0142owym\" srcset=\"https:\/\/commercecon.pl\/wp-content\/uploads\/2021\/06\/projektowanie-i-optymalizacja-Commercecon-1.jpg 1200w, https:\/\/commercecon.pl\/wp-content\/uploads\/2021\/06\/projektowanie-i-optymalizacja-Commercecon-1-300x200.jpg 300w, https:\/\/commercecon.pl\/wp-content\/uploads\/2021\/06\/projektowanie-i-optymalizacja-Commercecon-1-1024x684.jpg 1024w, https:\/\/commercecon.pl\/wp-content\/uploads\/2021\/06\/projektowanie-i-optymalizacja-Commercecon-1-768x513.jpg 768w\" sizes=\"auto, (max-width: 1200px) 100vw, 1200px\" \/>  <\/div>\n  <div class=\"text-box-image__text\">\n    \n\n<h2 class=\"is-style-heading-small wp-block-heading\">Design, optimisation, expansion <\/h2>\n\n\n\n<p>We design various types of industrial halls, not only warehouses, but also sports, logistics, agricultural and production facilities, and all this while ensuring economical use of materials for optimised cost. We also retrofit and expand the existing facilities to make them fit your changing requirements.<\/p>\n\n\n\n<div class=\"\">\n  <a href=\"\/en\/offer\/design-optimisation-expansion\/\"\n     class=\"text-link\"\n       >Learn more about this service<\/a>\n<\/div>\n\n\n  <\/div>\n\n<\/div>\n\n\n\n\n<div class=\"text-box-image text-photo style-fullwidth\">\n  <div class=\"text-box-image__image\">\n    <img loading=\"lazy\" decoding=\"async\" width=\"1846\" height=\"1232\" src=\"https:\/\/commercecon.pl\/wp-content\/uploads\/2021\/07\/DSCF1049-1920x1440-1.jpg\" class=\"attachment-xlarge size-xlarge\" alt=\"budownictwo przemys\u0142owe Commercecon\" srcset=\"https:\/\/commercecon.pl\/wp-content\/uploads\/2021\/07\/DSCF1049-1920x1440-1.jpg 1846w, https:\/\/commercecon.pl\/wp-content\/uploads\/2021\/07\/DSCF1049-1920x1440-1-300x200.jpg 300w, https:\/\/commercecon.pl\/wp-content\/uploads\/2021\/07\/DSCF1049-1920x1440-1-1024x683.jpg 1024w, https:\/\/commercecon.pl\/wp-content\/uploads\/2021\/07\/DSCF1049-1920x1440-1-768x513.jpg 768w, https:\/\/commercecon.pl\/wp-content\/uploads\/2021\/07\/DSCF1049-1920x1440-1-1536x1025.jpg 1536w\" sizes=\"auto, (max-width: 1846px) 100vw, 1846px\" \/>  <\/div>\n  <div class=\"text-box-image__text\">\n    \n\n<h2 class=\"is-style-heading-small wp-block-heading\">Delivery and installation of steelwork <\/h2>\n\n\n\n<p><strong>Designing and building halls is not all we do. For more than 20 years, we have been delivering and installing specialist steel structures. Drawing from our expertise, we design and deliver industrial structures according to the customer\u2019s requirements and in line with the applicable standards.<\/strong><\/p>\n\n\n\n<div class=\"\">\n  <a href=\"\/en\/offer\/delivery-and-installation-of-steelwork\/\"\n     class=\"text-link\"\n       >Learn more about this service<\/a>\n<\/div>\n\n\n  <\/div>\n\n<\/div>\n\n\n\n<div class=\"wp-block-group\"><div class=\"wp-block-group__inner-container is-layout-flow wp-block-group-is-layout-flow\">\n<div class=\"form-section\">\n  <div class=\"form-section__bg\" style=\"background-image:url(https:\/\/commercecon.pl\/wp-content\/uploads\/2021\/06\/Konstrukcja.png)\"><\/div>\n  <div class=\"form-section__inner container zindex5\">\n    <div class=\"form-section__text\">\n      <div class=\"is-style-subtitle\">Contact us<\/div>\n      <div class=\"is-style-heading-medium \">Send a quick query<\/div>\n          <\/div>\n    <div class=\"form-section__form\">\n      \n<div class=\"wpcf7 no-js\" id=\"wpcf7-f5254-o1\" lang=\"pl-PL\" dir=\"ltr\" data-wpcf7-id=\"5254\">\n<div class=\"screen-reader-response\"><p role=\"status\" aria-live=\"polite\" aria-atomic=\"true\"><\/p> <ul><\/ul><\/div>\n<form action=\"\/en\/wp-json\/wp\/v2\/pages\/5110#wpcf7-f5254-o1\" method=\"post\" class=\"wpcf7-form init wpcf7-acceptance-as-validation\" aria-label=\"Formularz kontaktowy\" novalidate=\"novalidate\" data-status=\"init\">\n<fieldset class=\"hidden-fields-container\"><input type=\"hidden\" name=\"_wpcf7\" value=\"5254\" \/><input type=\"hidden\" name=\"_wpcf7_version\" value=\"6.1.3\" \/><input type=\"hidden\" name=\"_wpcf7_locale\" value=\"pl_PL\" \/><input type=\"hidden\" name=\"_wpcf7_unit_tag\" value=\"wpcf7-f5254-o1\" \/><input type=\"hidden\" name=\"_wpcf7_container_post\" value=\"0\" \/><input type=\"hidden\" name=\"_wpcf7_posted_data_hash\" value=\"\" \/><input type=\"hidden\" name=\"_wpcf7_recaptcha_response\" value=\"\" \/>\n<\/fieldset>\n<div class=\"field-2cols\">\n  <label class=\"field\">\n    <div class=\"field__label\">First name*<\/div>\n    <div class=\"field__field\">\n      <span class=\"wpcf7-form-control-wrap\" data-name=\"your-fname\"><input size=\"40\" maxlength=\"400\" class=\"wpcf7-form-control wpcf7-text wpcf7-validates-as-required\" aria-required=\"true\" aria-invalid=\"false\" value=\"\" type=\"text\" name=\"your-fname\" \/><\/span>\n    <\/div>\n  <\/label>\n  <label class=\"field\">\n    <div class=\"field__label\">Surname*<\/div>\n    <div class=\"field__field\">\n      <span class=\"wpcf7-form-control-wrap\" data-name=\"your-lame\"><input size=\"40\" maxlength=\"400\" class=\"wpcf7-form-control wpcf7-text wpcf7-validates-as-required\" aria-required=\"true\" aria-invalid=\"false\" value=\"\" type=\"text\" name=\"your-lame\" \/><\/span>\n    <\/div>\n  <\/label>\n<\/div>\n\n<label class=\"field\">\n  <div class=\"field__label\">Company name*<\/div>\n  <div class=\"field__field\">\n    <span class=\"wpcf7-form-control-wrap\" data-name=\"your-company\"><input size=\"40\" maxlength=\"400\" class=\"wpcf7-form-control wpcf7-text wpcf7-validates-as-required\" aria-required=\"true\" aria-invalid=\"false\" value=\"\" type=\"text\" name=\"your-company\" \/><\/span>\n  <\/div>\n<\/label>\n\n<div class=\"field-2cols\">\n  <label class=\"field\">\n    <div class=\"field__label\">E-mail*<\/div>\n    <div class=\"field__field\">\n      <span class=\"wpcf7-form-control-wrap\" data-name=\"your-mail\"><input size=\"40\" maxlength=\"400\" class=\"wpcf7-form-control wpcf7-text wpcf7-validates-as-required\" aria-required=\"true\" aria-invalid=\"false\" value=\"\" type=\"text\" name=\"your-mail\" \/><\/span>\n    <\/div>\n  <\/label>\n  <label class=\"field\">\n    <div class=\"field__label\">Telephone number<\/div>\n    <div class=\"field__field\">\n      <span class=\"wpcf7-form-control-wrap\" data-name=\"your-phone\"><input size=\"40\" maxlength=\"400\" class=\"wpcf7-form-control wpcf7-text\" aria-invalid=\"false\" value=\"\" type=\"text\" name=\"your-phone\" \/><\/span>\n    <\/div>\n  <\/label>\n<\/div>\n\n<label class=\"field\">\n  <div class=\"field__label\">Hall area (m<sup>2<\/sup>)*<\/div>\n  <div class=\"field__field\">\n    <span class=\"wpcf7-form-control-wrap\" data-name=\"area\"><input size=\"40\" maxlength=\"400\" class=\"wpcf7-form-control wpcf7-text wpcf7-validates-as-required\" aria-required=\"true\" aria-invalid=\"false\" value=\"\" type=\"text\" name=\"area\" \/><\/span>\n  <\/div>\n<\/label>\n\n<label class=\"field\">\n  <div class=\"field__label\">Project location<\/div>\n  <div class=\"field__field\">\n    <span class=\"wpcf7-form-control-wrap\" data-name=\"lokalizacja\"><input size=\"40\" maxlength=\"400\" class=\"wpcf7-form-control wpcf7-text\" aria-invalid=\"false\" value=\"\" type=\"text\" name=\"lokalizacja\" \/><\/span>\n  <\/div>\n<\/label>\n\n\n<label class=\"field\">\n  <div class=\"field__label\">Attach files<\/div>\n  <div class=\"field__field\">\n    <span class=\"wpcf7-form-control-wrap\" data-name=\"upload-file-915\"><input size=\"40\" class=\"wpcf7-form-control wpcf7-drag-n-drop-file d-none\" aria-invalid=\"false\" type=\"file\" multiple=\"multiple\" data-name=\"upload-file-915\" data-max=\"5\" data-id=\"5254\" data-version=\"free version 1.3.9.2\" accept=\".\" \/><\/span>\n  <\/div>\n<\/label>\n\n<label class=\"field\">\n  <div class=\"field__label\">Message<\/div>\n  <div class=\"field__field\">\n    <span class=\"wpcf7-form-control-wrap\" data-name=\"message\"><textarea cols=\"40\" rows=\"10\" maxlength=\"2000\" class=\"wpcf7-form-control wpcf7-textarea\" aria-invalid=\"false\" name=\"message\"><\/textarea><\/span>\n  <\/div>\n<\/label>\n<div class=\"mb30\">\n<div class=\"checkbox-wrapper\">\n<span class=\"wpcf7-form-control-wrap\" data-name=\"acceptance-1\"><span class=\"wpcf7-form-control wpcf7-acceptance\"><span class=\"wpcf7-list-item\"><label><input type=\"checkbox\" name=\"acceptance-1\" value=\"1\" aria-invalid=\"false\" \/><span class=\"wpcf7-list-item-label\">*I have read and understood the Information Clause of Commercecon Sp\u00f3\u0142ka z ograniczon\u0105 odpowiedzialno\u015bci\u0105 Sp. K. <span class=\"more-dots\">&#8230;<br \/><\/span> <span class=\"more-text\">In compliance with the information obligation under Article 13 of the General Data Protection Regulation of 27 April 2016 (OJ L 119, 04\/05\/2016), please be informed that:<br \/><br \/>\n1) The controller of your personal data is Commercecon sp\u00f3\u0142ka z ograniczon\u0105 odpowiedzialno\u015bci\u0105 Sp. K., having its registered office in Konstantyn\u00f3w \u0141\u00f3dzki 95-050, ul. Inwestycyjna 5.<br \/>\n2) The contact details of the Data Protection Officer are: Marcin Polit, +48533641700, iod@commercecon.pl.<br \/>\n3) Your personal data will be processed for the following purposes:<br \/>\n&#8211; preparing and communicating an answer to your query (Article 6(1)(a) GDPR)<br \/>\n&#8211; preparing, sending and discussing a business offer (Article 6(1)(a) GDPR)<br \/>\n&#8211; contact for the purpose of offering products and services by Commercecon sp\u00f3\u0142ka z ograniczon\u0105 odpowiedzialno\u015bci\u0105 Sp. K (Article 6(1)(a) GDPR)<br \/>\n&#8211; newsletter subscription (Article 6(1)(a) GDPR)<br \/>\n&#8211; promotional campaigns (contests, surveys) (Article 6(1)(a) GDPR)<br \/>\n&#8211; ensuring safety of employees and property (Article 6(1)(f))<br \/>\n&#8211; defence against claims (Article 6(1)(f) GDPR).<br \/>\n4) The recipients of your personal data will be only entities authorised to obtain personal data under the applicable laws.<br \/>\n5) Your personal data will be stored until you effectively exercise your right to object or withdraw your consent, or for the storage period prescribed by the applicable law.<br \/>\n6) You have the right to access, rectify, erase your data or restrict its processing, withdraw your consent and the right to data portability.<br \/>\n7) You have the right to lodge a complaint with the Personal Data Protection Office (UODO) if your personal data is processed by the controller contrary to the General Data Protection Regulation of 27 April 2016.<br \/>\n8) Your data will be subject to automated processing, including profiling. Automated decision-making will involve storing your information in our database:<br \/>\n&#8211; your data, e.g. first name, surname and position<br \/>\n&#8211; name of the company you represent<br \/>\n&#8211; contact phone<br \/>\n&#8211; e-mail.<br \/>\nAs a result of such processing, you will receive selected marketing information.<br \/>\n9) The provision of personal data is voluntary, but failure to provide data will make it impossible for us to process your request.\n<\/span>\n<button type=\"button\" class=\"show-more\">Show more<\/button>\n<button type=\"button\" class=\"show-less\">Show less<\/button><\/span><\/label><\/span><\/span><\/span>\n\n<\/div>\n\n\n<div class=\"checkbox-wrapper\">\n<span class=\"wpcf7-form-control-wrap\" data-name=\"acceptance-2\"><span class=\"wpcf7-form-control wpcf7-acceptance\"><span class=\"wpcf7-list-item\"><label><input type=\"checkbox\" name=\"acceptance-2\" value=\"1\" aria-invalid=\"false\" \/><span class=\"wpcf7-list-item-label\">*I consent to the processing of the information I have provided and that an authorised individual prepares and communicates to me an answer to the question using the communication methods I have selected (e-mail, phone).<\/span><\/label><\/span><\/span><\/span>\n\n<\/div>\n<div class=\"checkbox-wrapper\">\n<span class=\"wpcf7-form-control-wrap\" data-name=\"acceptance-3\"><span class=\"wpcf7-form-control wpcf7-acceptance optional\"><span class=\"wpcf7-list-item\"><label><input type=\"checkbox\" name=\"acceptance-3\" value=\"1\" aria-invalid=\"false\" \/><span class=\"wpcf7-list-item-label\">I consent Commercecon Sp\u00f3\u0142ka z ograniczon\u0105 odpowiedzialno\u015bci\u0105 Sp. K. to send me marketing information via the communication channels I have selected (e-mail, phone).<\/span><\/label><\/span><\/span><\/span>\n\n<\/div>\n<div class=\"checkbox-wrapper\">\n<span class=\"wpcf7-form-control-wrap\" data-name=\"acceptance-4\"><span class=\"wpcf7-form-control wpcf7-acceptance optional\"><span class=\"wpcf7-list-item\"><label><input type=\"checkbox\" name=\"acceptance-4\" value=\"1\" aria-invalid=\"false\" \/><span class=\"wpcf7-list-item-label\">Please send me, via the communication channels I have selected (e-mail, phone), the information on the promotions, contests, surveys and regular offer updates.<\/span><\/label><\/span><\/span><\/span>\n\n\n<\/div>\n<\/div>\n\n\n<span id=\"wpcf7-69e126a78e720-wrapper\" class=\"wpcf7-form-control-wrap honeypot-411-wrap\" style=\"display:none !important; visibility:hidden !important;\"><label for=\"wpcf7-69e126a78e720-field\" class=\"hp-message\">Please leave this field empty.<\/label><input id=\"wpcf7-69e126a78e720-field\"  class=\"wpcf7-form-control wpcf7-text\" type=\"text\" name=\"honeypot-411\" value=\"\" size=\"40\" tabindex=\"-1\" autocomplete=\"new-password\" \/><\/span>\n\n<div class=\"text-right relative mt20\">\n<input class=\"wpcf7-form-control wpcf7-submit has-spinner btn btn--blue\" type=\"submit\" value=\"Send\" \/>\n<\/div>\n<p style=\"font-size: 1.2rem; color: #9c9c9c; margin-top: 100px;\">This page is protected by the reCAPTCHA. <a href=\"https:\/\/policies.google.com\/privacy\" target=\"_blank\">Privacy policy<\/a> and Google <a href=\"https:\/\/policies.google.com\/terms\" target=\"_blank\">Regulations<\/a> apply.<\/p><div class=\"wpcf7-response-output\" aria-hidden=\"true\"><\/div>\n<\/form>\n<\/div>\n    <\/div>\n  <\/div>\n<\/div>\n\n\n<\/div><\/div>\n","protected":false},"excerpt":{"rendered":"","protected":false},"author":1,"featured_media":0,"parent":0,"menu_order":0,"comment_status":"closed","ping_status":"closed","template":"","meta":{"_acf_changed":false,"inline_featured_image":false,"footnotes":""},"class_list":["post-5110","page","type-page","status-publish","hentry"],"acf":[],"yoast_head":"<!-- This site is optimized with the Yoast SEO plugin v26.4 - https:\/\/yoast.com\/wordpress\/plugins\/seo\/ -->\n<title>Offer | Commercecon<\/title>\n<meta name=\"robots\" content=\"index, follow, max-snippet:-1, max-image-preview:large, max-video-preview:-1\" \/>\n<link rel=\"canonical\" href=\"https:\/\/commercecon.pl\/en\/offer\/\" \/>\n<meta property=\"og:locale\" content=\"en_US\" \/>\n<meta property=\"og:type\" content=\"article\" \/>\n<meta property=\"og:title\" content=\"Offer | Commercecon\" \/>\n<meta property=\"og:url\" content=\"https:\/\/commercecon.pl\/en\/offer\/\" \/>\n<meta property=\"og:site_name\" content=\"Commercecon\" \/>\n<meta property=\"article:modified_time\" content=\"2022-02-28T01:15:25+00:00\" \/>\n<meta property=\"og:image\" content=\"https:\/\/commercecon.pl\/wp-content\/uploads\/2024\/11\/0730_Panasystem.jpg\" \/>\n\t<meta property=\"og:image:width\" content=\"1900\" \/>\n\t<meta property=\"og:image:height\" content=\"1266\" \/>\n\t<meta property=\"og:image:type\" content=\"image\/jpeg\" \/>\n<meta name=\"twitter:card\" content=\"summary_large_image\" \/>\n<meta name=\"twitter:label1\" content=\"Est. reading time\" \/>\n\t<meta name=\"twitter:data1\" content=\"1 minute\" \/>\n<script type=\"application\/ld+json\" class=\"yoast-schema-graph\">{\"@context\":\"https:\/\/schema.org\",\"@graph\":[{\"@type\":\"WebPage\",\"@id\":\"https:\/\/commercecon.pl\/en\/offer\/\",\"url\":\"https:\/\/commercecon.pl\/en\/offer\/\",\"name\":\"Offer | Commercecon\",\"isPartOf\":{\"@id\":\"https:\/\/commercecon.pl\/en\/#website\"},\"datePublished\":\"2021-06-10T12:53:11+00:00\",\"dateModified\":\"2022-02-28T01:15:25+00:00\",\"breadcrumb\":{\"@id\":\"https:\/\/commercecon.pl\/en\/offer\/#breadcrumb\"},\"inLanguage\":\"en-US\",\"potentialAction\":[{\"@type\":\"ReadAction\",\"target\":[\"https:\/\/commercecon.pl\/en\/offer\/\"]}]},{\"@type\":\"BreadcrumbList\",\"@id\":\"https:\/\/commercecon.pl\/en\/offer\/#breadcrumb\",\"itemListElement\":[{\"@type\":\"ListItem\",\"position\":1,\"name\":\"Main\",\"item\":\"https:\/\/commercecon.pl\/en\/\"},{\"@type\":\"ListItem\",\"position\":2,\"name\":\"Offer\"}]},{\"@type\":\"WebSite\",\"@id\":\"https:\/\/commercecon.pl\/en\/#website\",\"url\":\"https:\/\/commercecon.pl\/en\/\",\"name\":\"Commercecon\",\"description\":\"\",\"potentialAction\":[{\"@type\":\"SearchAction\",\"target\":{\"@type\":\"EntryPoint\",\"urlTemplate\":\"https:\/\/commercecon.pl\/en\/?s={search_term_string}\"},\"query-input\":{\"@type\":\"PropertyValueSpecification\",\"valueRequired\":true,\"valueName\":\"search_term_string\"}}],\"inLanguage\":\"en-US\"}]}<\/script>\n<!-- \/ Yoast SEO plugin. -->","yoast_head_json":{"title":"Offer | Commercecon","robots":{"index":"index","follow":"follow","max-snippet":"max-snippet:-1","max-image-preview":"max-image-preview:large","max-video-preview":"max-video-preview:-1"},"canonical":"https:\/\/commercecon.pl\/en\/offer\/","og_locale":"en_US","og_type":"article","og_title":"Offer | Commercecon","og_url":"https:\/\/commercecon.pl\/en\/offer\/","og_site_name":"Commercecon","article_modified_time":"2022-02-28T01:15:25+00:00","og_image":[{"width":1900,"height":1266,"url":"https:\/\/commercecon.pl\/wp-content\/uploads\/2024\/11\/0730_Panasystem.jpg","type":"image\/jpeg"}],"twitter_card":"summary_large_image","twitter_misc":{"Est. reading time":"1 minute"},"schema":{"@context":"https:\/\/schema.org","@graph":[{"@type":"WebPage","@id":"https:\/\/commercecon.pl\/en\/offer\/","url":"https:\/\/commercecon.pl\/en\/offer\/","name":"Offer | Commercecon","isPartOf":{"@id":"https:\/\/commercecon.pl\/en\/#website"},"datePublished":"2021-06-10T12:53:11+00:00","dateModified":"2022-02-28T01:15:25+00:00","breadcrumb":{"@id":"https:\/\/commercecon.pl\/en\/offer\/#breadcrumb"},"inLanguage":"en-US","potentialAction":[{"@type":"ReadAction","target":["https:\/\/commercecon.pl\/en\/offer\/"]}]},{"@type":"BreadcrumbList","@id":"https:\/\/commercecon.pl\/en\/offer\/#breadcrumb","itemListElement":[{"@type":"ListItem","position":1,"name":"Main","item":"https:\/\/commercecon.pl\/en\/"},{"@type":"ListItem","position":2,"name":"Offer"}]},{"@type":"WebSite","@id":"https:\/\/commercecon.pl\/en\/#website","url":"https:\/\/commercecon.pl\/en\/","name":"Commercecon","description":"","potentialAction":[{"@type":"SearchAction","target":{"@type":"EntryPoint","urlTemplate":"https:\/\/commercecon.pl\/en\/?s={search_term_string}"},"query-input":{"@type":"PropertyValueSpecification","valueRequired":true,"valueName":"search_term_string"}}],"inLanguage":"en-US"}]}},"_links":{"self":[{"href":"https:\/\/commercecon.pl\/en\/wp-json\/wp\/v2\/pages\/5110","targetHints":{"allow":["GET"]}}],"collection":[{"href":"https:\/\/commercecon.pl\/en\/wp-json\/wp\/v2\/pages"}],"about":[{"href":"https:\/\/commercecon.pl\/en\/wp-json\/wp\/v2\/types\/page"}],"author":[{"embeddable":true,"href":"https:\/\/commercecon.pl\/en\/wp-json\/wp\/v2\/users\/1"}],"replies":[{"embeddable":true,"href":"https:\/\/commercecon.pl\/en\/wp-json\/wp\/v2\/comments?post=5110"}],"version-history":[{"count":16,"href":"https:\/\/commercecon.pl\/en\/wp-json\/wp\/v2\/pages\/5110\/revisions"}],"predecessor-version":[{"id":6305,"href":"https:\/\/commercecon.pl\/en\/wp-json\/wp\/v2\/pages\/5110\/revisions\/6305"}],"wp:attachment":[{"href":"https:\/\/commercecon.pl\/en\/wp-json\/wp\/v2\/media?parent=5110"}],"curies":[{"name":"wp","href":"https:\/\/api.w.org\/{rel}","templated":true}]}}