{"id":7127,"date":"2022-07-19T01:20:42","date_gmt":"2022-07-18T23:20:42","guid":{"rendered":"https:\/\/commercecon.pl\/?page_id=7127"},"modified":"2022-09-01T14:12:18","modified_gmt":"2022-09-01T12:12:18","slug":"wycen-hale-1","status":"publish","type":"page","link":"https:\/\/commercecon.pl\/en\/wycen-hale-1\/","title":{"rendered":"Send a query"},"content":{"rendered":"\n<div class=\"wp-block-group is-style-container\"><div class=\"wp-block-group__inner-container is-layout-flow wp-block-group-is-layout-flow\">\n<div class=\"wp-block-columns is-layout-flex wp-container-core-columns-is-layout-9d6595d7 wp-block-columns-is-layout-flex\">\n<div class=\"wp-block-column is-layout-flow wp-block-column-is-layout-flow\" style=\"flex-basis:25%\"><\/div>\n\n\n\n<div class=\"wp-block-column is-layout-flow wp-block-column-is-layout-flow\" style=\"flex-basis:50%\">\n\n<div class=\"wpcf7 no-js\" id=\"wpcf7-f7121-o1\" lang=\"\" dir=\"ltr\" data-wpcf7-id=\"7121\">\n<div class=\"screen-reader-response\"><p role=\"status\" aria-live=\"polite\" aria-atomic=\"true\"><\/p> <ul><\/ul><\/div>\n<form action=\"\/en\/wp-json\/wp\/v2\/pages\/7127#wpcf7-f7121-o1\" method=\"post\" class=\"wpcf7-form init wpcf7-acceptance-as-validation\" aria-label=\"Contact form\" novalidate=\"novalidate\" data-status=\"init\">\n<fieldset class=\"hidden-fields-container\"><input type=\"hidden\" name=\"_wpcf7\" value=\"7121\" \/><input type=\"hidden\" name=\"_wpcf7_version\" value=\"6.1.3\" \/><input type=\"hidden\" name=\"_wpcf7_locale\" value=\"\" \/><input type=\"hidden\" name=\"_wpcf7_unit_tag\" value=\"wpcf7-f7121-o1\" \/><input type=\"hidden\" name=\"_wpcf7_container_post\" value=\"0\" \/><input type=\"hidden\" name=\"_wpcf7_posted_data_hash\" value=\"\" \/><input type=\"hidden\" name=\"_wpcf7_recaptcha_response\" value=\"\" \/>\n<\/fieldset>\n<div class=\"form-subtitle\">1. Technical data<\/div>\n  <label class=\"field\">\n    <div class=\"field__label\">Building purpose*<\/div>\n    <div class=\"field__field\">\n      <span class=\"wpcf7-form-control-wrap\" data-name=\"purpose\"><select class=\"wpcf7-form-control wpcf7-select wpcf7-validates-as-required\" aria-required=\"true\" aria-invalid=\"false\" name=\"purpose\"><option value=\"\">&#8212;Please choose an option&#8212;<\/option><option value=\"Cooling and freezing halls\">Cooling and freezing halls<\/option><option value=\"Commercial hall\">Commercial hall<\/option><option value=\"Logistics hall\">Logistics hall<\/option><option value=\"Warehouse\">Warehouse<\/option><option value=\"Production hall\">Production hall<\/option><option value=\"Production and storage hall\">Production and storage hall<\/option><option value=\"Sports and event hall\">Sports and event hall<\/option><option value=\"Industrial facility\">Industrial facility<\/option><option value=\"Car showroom\">Car showroom<\/option><option value=\"Other\">Other<\/option><\/select><\/span>\n    <\/div>\n  <\/label>\n  <label class=\"field field--sub other-purpose\">\n    <div class=\"field__label\">What kind*<\/div>\n    <div class=\"field__field\">\n      <span class=\"wpcf7-form-control-wrap\" data-name=\"purpose-other\"><input size=\"40\" maxlength=\"400\" class=\"wpcf7-form-control wpcf7-text\" aria-invalid=\"false\" placeholder=\"Wanswer\" value=\"\" type=\"text\" name=\"purpose-other\" \/><\/span>\n    <\/div>\n  <\/label>\n\n<label class=\"field\">\n  <div class=\"field__label\">Hall area (m<sup>2<\/sup>)*<\/div>\n  <div class=\"field__field\">\n    <span class=\"wpcf7-form-control-wrap\" data-name=\"powierzchnia\"><input size=\"40\" maxlength=\"400\" class=\"wpcf7-form-control wpcf7-text wpcf7-validates-as-required\" aria-required=\"true\" aria-invalid=\"false\" value=\"\" type=\"text\" name=\"powierzchnia\" \/><\/span>\n  <\/div>\n<\/label>\n\n\n<label class=\"field\">\n  <div class=\"field__label\">Project location<\/div>\n  <div class=\"field__field\">\n    <span class=\"wpcf7-form-control-wrap\" data-name=\"lokalizacja\"><input size=\"40\" maxlength=\"400\" class=\"wpcf7-form-control wpcf7-text\" aria-invalid=\"false\" value=\"\" type=\"text\" name=\"lokalizacja\" \/><\/span>\n  <\/div>\n<\/label>\n    \n<label class=\"field\">\n  <div class=\"field__label\">Attach files<\/div>\n  <div class=\"field__field\">\n    <span class=\"wpcf7-form-control-wrap\" data-name=\"upload-file-915\"><input size=\"40\" class=\"wpcf7-form-control wpcf7-drag-n-drop-file d-none\" aria-invalid=\"false\" type=\"file\" multiple=\"multiple\" data-name=\"upload-file-915\" data-max=\"5\" data-id=\"7121\" data-version=\"free version 1.3.9.2\" accept=\".\" \/><\/span>\n  <\/div>\n<\/label>\n\n<label class=\"field\">\n  <div class=\"field__label\">Message<\/div>\n  <div class=\"field__field\">\n    <span class=\"wpcf7-form-control-wrap\" data-name=\"message\"><textarea cols=\"40\" rows=\"10\" maxlength=\"2000\" class=\"wpcf7-form-control wpcf7-textarea\" aria-invalid=\"false\" name=\"message\"><\/textarea><\/span>\n\n  <\/div>\n<\/label>\n<div class=\"mb30\">\n\n<div class=\"form-subtitle\">2. Personal data<\/div>\n<div class=\"field\">\n  <label class=\"field\">\n    <div class=\"field__label\">First Name and Surname*<\/div>\n    <div class=\"field__field\">\n      <span class=\"wpcf7-form-control-wrap\" data-name=\"your-fname\"><input size=\"40\" maxlength=\"400\" class=\"wpcf7-form-control wpcf7-text wpcf7-validates-as-required\" aria-required=\"true\" aria-invalid=\"false\" value=\"\" type=\"text\" name=\"your-fname\" \/><\/span>\n    <\/div>\n  <\/label>\n\n<div class=\"field-2cols\">\n  <label class=\"field\">\n    <div class=\"field__label\">E-mail*<\/div>\n    <div class=\"field__field\">\n      <span class=\"wpcf7-form-control-wrap\" data-name=\"your-mail\"><input size=\"40\" maxlength=\"400\" class=\"wpcf7-form-control wpcf7-text wpcf7-validates-as-required\" aria-required=\"true\" aria-invalid=\"false\" value=\"\" type=\"text\" name=\"your-mail\" \/><\/span>\n    <\/div>\n  <\/label>\n  <label class=\"field\">\n    <div class=\"field__label\">Telephone number<\/div>\n    <div class=\"field__field\">\n      <span class=\"wpcf7-form-control-wrap\" data-name=\"your-phone\"><input size=\"40\" maxlength=\"400\" class=\"wpcf7-form-control wpcf7-text\" aria-invalid=\"false\" value=\"\" type=\"text\" name=\"your-phone\" \/><\/span>\n    <\/div>\n  <\/label>\n<\/div>\n<\/div>\n\n<div class=\"checkbox-wrapper\">\n<span class=\"wpcf7-form-control-wrap\" data-name=\"acceptance-1\"><span class=\"wpcf7-form-control wpcf7-acceptance\"><span class=\"wpcf7-list-item\"><label><input type=\"checkbox\" name=\"acceptance-1\" value=\"1\" aria-invalid=\"false\" \/><span class=\"wpcf7-list-item-label\">* I have read and understood the Information Clause of Commercecon Sp\u00f3\u0142ka z ograniczon\u0105 odpowiedzialno\u015bci\u0105 Sp. K.   <span class=\"more-dots\">...<br \/><\/span> <span class=\"more-text\"><br \/><br \/>In compliance with the information obligation under Article 13 of the General Data Protection Regulation of 27 April 2016 (OJ L 119, 04\/05\/2016), please be informed that:<br \/><br \/>\n1) The controller of your personal data is Commercecon sp\u00f3\u0142ka z ograniczon\u0105 odpowiedzialno\u015bci\u0105 Sp. K., having its registered office in Konstantyn\u00f3w \u0141\u00f3dzki 95-050, ul. Inwestycyjna 5.<br \/>\n2) The contact details of the Data Protection Officer are: Marcin Polit, +48533641700, iod@commercecon.pl.<br \/>\n3) Your personal data will be processed for the following purposes:<br \/>\n- preparing and communicating an answer to your query (Article 6(1)(a) GDPR)<br \/>\n- preparing, sending and discussing a business offer (Article 6(1)(a) GDPR)<br \/>\n- contact for the purpose of offering products and services by Commercecon sp\u00f3\u0142ka z ograniczon\u0105 odpowiedzialno\u015bci\u0105 Sp. K (Article 6(1)(a) GDPR)<br \/>\n- newsletter subscription (Article 6(1)(a) GDPR)<br \/>\n- promotional campaigns (contests, surveys) (Article 6(1)(a) GDPR)<br \/>\n- ensuring safety of employees and property (Article 6(1)(f))<br \/>\n- defence against claims (Article 6(1)(f) GDPR).<br \/>\n4) The recipients of your personal data will be only entities authorised <br \/><br \/>to obtain personal data under the applicable laws.<br \/>\n5) Your personal data will be stored until you effectively exercise your right to object or withdraw your consent, or for the storage period prescribed by the applicable law.<br \/>\n6) You have the right to access, rectify, erase your data or restrict its processing, withdraw your consent and the right to data portability.<br \/>\n7) You have the right to lodge a complaint with the Personal Data Protection Office (UODO) if your personal data is processed by the controller contrary to the General Data Protection Regulation of 27 April 2016.<br \/>\n8) Your data will be subject to automated processing, including profiling. Automated decision-making will involve storing your information in our database:<br \/>\n- your data, e.g. first name, surname and position<br \/>\n- name of the company you represent<br \/>\n- contact phone<br \/>\n- e-mail.<br \/>\nAs a result of such processing, you will receive selected marketing information.<br \/>\n9) The provision of personal data is voluntary, but failure to provide data will make it impossible for us to process your request.<br \/>\n<\/span>\n<button type=\"button\" class=\"show-more\">Show more<\/button>\n<button type=\"button\" class=\"show-less\">Show less<\/button><\/span><\/label><\/span><\/span><\/span>\n\n<\/div>\n\n\n<div class=\"checkbox-wrapper\">\n<span class=\"wpcf7-form-control-wrap\" data-name=\"acceptance-2\"><span class=\"wpcf7-form-control wpcf7-acceptance\"><span class=\"wpcf7-list-item\"><label><input type=\"checkbox\" name=\"acceptance-2\" value=\"1\" aria-invalid=\"false\" \/><span class=\"wpcf7-list-item-label\">*I consent to the processing of the information I have provided and that an authorised individual prepares and communicates to me an answer to the question using the communication methods I have selected (e-mail, phone).<\/span><\/label><\/span><\/span><\/span>\n\n\n<\/div>\n<\/div>\n\n\n<span id=\"wpcf7-69d8497ae4e0a-wrapper\" class=\"wpcf7-form-control-wrap honeypot-411-wrap\" style=\"display:none !important; visibility:hidden !important;\"><label for=\"wpcf7-69d8497ae4e0a-field\" class=\"hp-message\">Please leave this field empty.<\/label><input id=\"wpcf7-69d8497ae4e0a-field\"  class=\"wpcf7-form-control wpcf7-text\" type=\"text\" name=\"honeypot-411\" value=\"\" size=\"40\" tabindex=\"-1\" autocomplete=\"new-password\" \/><\/span>\n\n<div class=\"text-right relative mt20\" style=\"width: 50%;float: right;\">\n<input class=\"wpcf7-form-control wpcf7-submit has-spinner btn btn--blue\" type=\"submit\" value=\"Send query\" \/>\n<\/div>\n<p style=\"font-size: 1.2rem; color: #9c9c9c; margin-top: 100px;\">This page is protected by the reCAPTCHA. <a href=\"https:\/\/policies.google.com\/privacy\" target=\"_blank\">Privacy policy<\/a> and Google <a href=\"https:\/\/policies.google.com\/terms\" target=\"_blank\">Regulations<\/a> apply.<\/p><div class=\"wpcf7-response-output\" aria-hidden=\"true\"><\/div>\n<\/form>\n<\/div>\n\n<\/div>\n\n\n\n<div class=\"wp-block-column is-layout-flow wp-block-column-is-layout-flow\" style=\"flex-basis:25%\"><\/div>\n<\/div>\n<\/div><\/div>\n","protected":false},"excerpt":{"rendered":"","protected":false},"author":2,"featured_media":0,"parent":0,"menu_order":0,"comment_status":"closed","ping_status":"closed","template":"","meta":{"_acf_changed":false,"inline_featured_image":false,"footnotes":""},"class_list":["post-7127","page","type-page","status-publish","hentry"],"acf":[],"yoast_head":"<!-- This site is optimized with the Yoast SEO plugin v26.4 - https:\/\/yoast.com\/wordpress\/plugins\/seo\/ -->\n<title>Send a query - Commercecon<\/title>\n<meta name=\"robots\" content=\"index, follow, max-snippet:-1, max-image-preview:large, max-video-preview:-1\" \/>\n<link rel=\"canonical\" href=\"https:\/\/commercecon.pl\/en\/wycen-hale-1\/\" \/>\n<meta property=\"og:locale\" content=\"en_US\" \/>\n<meta property=\"og:type\" content=\"article\" \/>\n<meta property=\"og:title\" content=\"Send a query - Commercecon\" \/>\n<meta property=\"og:url\" content=\"https:\/\/commercecon.pl\/en\/wycen-hale-1\/\" \/>\n<meta property=\"og:site_name\" content=\"Commercecon\" \/>\n<meta property=\"article:modified_time\" content=\"2022-09-01T12:12:18+00:00\" \/>\n<meta property=\"og:image\" content=\"https:\/\/commercecon.pl\/wp-content\/uploads\/2024\/11\/0730_Panasystem.jpg\" \/>\n\t<meta property=\"og:image:width\" content=\"1900\" \/>\n\t<meta property=\"og:image:height\" content=\"1266\" \/>\n\t<meta property=\"og:image:type\" content=\"image\/jpeg\" \/>\n<meta name=\"twitter:card\" content=\"summary_large_image\" \/>\n<meta name=\"twitter:label1\" content=\"Est. reading time\" \/>\n\t<meta name=\"twitter:data1\" content=\"1 minute\" \/>\n<script type=\"application\/ld+json\" class=\"yoast-schema-graph\">{\"@context\":\"https:\/\/schema.org\",\"@graph\":[{\"@type\":\"WebPage\",\"@id\":\"https:\/\/commercecon.pl\/en\/wycen-hale-1\/\",\"url\":\"https:\/\/commercecon.pl\/en\/wycen-hale-1\/\",\"name\":\"Send a query - Commercecon\",\"isPartOf\":{\"@id\":\"https:\/\/commercecon.pl\/en\/#website\"},\"datePublished\":\"2022-07-18T23:20:42+00:00\",\"dateModified\":\"2022-09-01T12:12:18+00:00\",\"breadcrumb\":{\"@id\":\"https:\/\/commercecon.pl\/en\/wycen-hale-1\/#breadcrumb\"},\"inLanguage\":\"en-US\",\"potentialAction\":[{\"@type\":\"ReadAction\",\"target\":[\"https:\/\/commercecon.pl\/en\/wycen-hale-1\/\"]}]},{\"@type\":\"BreadcrumbList\",\"@id\":\"https:\/\/commercecon.pl\/en\/wycen-hale-1\/#breadcrumb\",\"itemListElement\":[{\"@type\":\"ListItem\",\"position\":1,\"name\":\"Main\",\"item\":\"https:\/\/commercecon.pl\/en\/\"},{\"@type\":\"ListItem\",\"position\":2,\"name\":\"Send a query\"}]},{\"@type\":\"WebSite\",\"@id\":\"https:\/\/commercecon.pl\/en\/#website\",\"url\":\"https:\/\/commercecon.pl\/en\/\",\"name\":\"Commercecon\",\"description\":\"\",\"potentialAction\":[{\"@type\":\"SearchAction\",\"target\":{\"@type\":\"EntryPoint\",\"urlTemplate\":\"https:\/\/commercecon.pl\/en\/?s={search_term_string}\"},\"query-input\":{\"@type\":\"PropertyValueSpecification\",\"valueRequired\":true,\"valueName\":\"search_term_string\"}}],\"inLanguage\":\"en-US\"}]}<\/script>\n<!-- \/ Yoast SEO plugin. -->","yoast_head_json":{"title":"Send a query - Commercecon","robots":{"index":"index","follow":"follow","max-snippet":"max-snippet:-1","max-image-preview":"max-image-preview:large","max-video-preview":"max-video-preview:-1"},"canonical":"https:\/\/commercecon.pl\/en\/wycen-hale-1\/","og_locale":"en_US","og_type":"article","og_title":"Send a query - Commercecon","og_url":"https:\/\/commercecon.pl\/en\/wycen-hale-1\/","og_site_name":"Commercecon","article_modified_time":"2022-09-01T12:12:18+00:00","og_image":[{"width":1900,"height":1266,"url":"https:\/\/commercecon.pl\/wp-content\/uploads\/2024\/11\/0730_Panasystem.jpg","type":"image\/jpeg"}],"twitter_card":"summary_large_image","twitter_misc":{"Est. reading time":"1 minute"},"schema":{"@context":"https:\/\/schema.org","@graph":[{"@type":"WebPage","@id":"https:\/\/commercecon.pl\/en\/wycen-hale-1\/","url":"https:\/\/commercecon.pl\/en\/wycen-hale-1\/","name":"Send a query - Commercecon","isPartOf":{"@id":"https:\/\/commercecon.pl\/en\/#website"},"datePublished":"2022-07-18T23:20:42+00:00","dateModified":"2022-09-01T12:12:18+00:00","breadcrumb":{"@id":"https:\/\/commercecon.pl\/en\/wycen-hale-1\/#breadcrumb"},"inLanguage":"en-US","potentialAction":[{"@type":"ReadAction","target":["https:\/\/commercecon.pl\/en\/wycen-hale-1\/"]}]},{"@type":"BreadcrumbList","@id":"https:\/\/commercecon.pl\/en\/wycen-hale-1\/#breadcrumb","itemListElement":[{"@type":"ListItem","position":1,"name":"Main","item":"https:\/\/commercecon.pl\/en\/"},{"@type":"ListItem","position":2,"name":"Send a query"}]},{"@type":"WebSite","@id":"https:\/\/commercecon.pl\/en\/#website","url":"https:\/\/commercecon.pl\/en\/","name":"Commercecon","description":"","potentialAction":[{"@type":"SearchAction","target":{"@type":"EntryPoint","urlTemplate":"https:\/\/commercecon.pl\/en\/?s={search_term_string}"},"query-input":{"@type":"PropertyValueSpecification","valueRequired":true,"valueName":"search_term_string"}}],"inLanguage":"en-US"}]}},"_links":{"self":[{"href":"https:\/\/commercecon.pl\/en\/wp-json\/wp\/v2\/pages\/7127","targetHints":{"allow":["GET"]}}],"collection":[{"href":"https:\/\/commercecon.pl\/en\/wp-json\/wp\/v2\/pages"}],"about":[{"href":"https:\/\/commercecon.pl\/en\/wp-json\/wp\/v2\/types\/page"}],"author":[{"embeddable":true,"href":"https:\/\/commercecon.pl\/en\/wp-json\/wp\/v2\/users\/2"}],"replies":[{"embeddable":true,"href":"https:\/\/commercecon.pl\/en\/wp-json\/wp\/v2\/comments?post=7127"}],"version-history":[{"count":1,"href":"https:\/\/commercecon.pl\/en\/wp-json\/wp\/v2\/pages\/7127\/revisions"}],"predecessor-version":[{"id":7128,"href":"https:\/\/commercecon.pl\/en\/wp-json\/wp\/v2\/pages\/7127\/revisions\/7128"}],"wp:attachment":[{"href":"https:\/\/commercecon.pl\/en\/wp-json\/wp\/v2\/media?parent=7127"}],"curies":[{"name":"wp","href":"https:\/\/api.w.org\/{rel}","templated":true}]}}